{"id":8659,"date":"2025-06-20T13:36:30","date_gmt":"2025-06-20T13:36:30","guid":{"rendered":"https:\/\/digitmonitor.com\/autodesk-anleitung\/"},"modified":"2026-02-03T11:54:47","modified_gmt":"2026-02-03T11:54:47","slug":"autodesk-anleitung","status":"publish","type":"page","link":"https:\/\/digitmonitor.com\/de\/autodesk-anleitung\/","title":{"rendered":"Autodesk-Anleitung"},"content":{"rendered":"\t\t<div data-elementor-type=\"wp-page\" data-elementor-id=\"8659\" class=\"elementor elementor-8659 elementor-8652\">\n\t\t\t\t<div class=\"elementor-element elementor-element-3b29f97e e-flex e-con-boxed e-con e-parent\" data-id=\"3b29f97e\" data-element_type=\"container\" data-e-type=\"container\">\n\t\t\t\t\t<div class=\"e-con-inner\">\n\t\t\t\t<div class=\"elementor-element elementor-element-76bc4bf elementor-widget elementor-widget-konte-message-box\" data-id=\"76bc4bf\" data-element_type=\"widget\" data-e-type=\"widget\" data-widget_type=\"konte-message-box.default\">\n\t\t\t\t<div class=\"elementor-widget-container\">\n\t\t\t\t\t\t\t<div class=\"konte-message-box konte-message-box--elementor konte-message-box--info info closeable\">\n\t\t\t<span class=\"konte-message-box__icon svg-icon icon-info\">\n\t\t\t\t<svg width=\"40\" height=\"40\"><use xlink:href=\"#information\"><\/use><\/svg>\t\t\t<\/span>\n\t\t\t<div class=\"konte-message-box__content\">Bestellungen, die au\u00dferhalb unserer Bearbeitungszeiten (10:00 \u2013 18:00 Uhr CET \/ UTC+1) aufgegeben werden, sind vollst\u00e4ndig best\u00e4tigt und werden sicher f\u00fcr das n\u00e4chste Bearbeitungsfenster vorgemerkt. Ihre Lizenz wird automatisch geliefert, sobald unser Fulfillment-Team um 10:00 Uhr CET den Betrieb wieder aufnimmt. Diese kurze Verz\u00f6gerung ist v\u00f6llig normal und stellt sicher, dass jedes Autodesk-Produkt ordnungsgem\u00e4\u00df \u00fcberpr\u00fcft und sicher Ihrem Autodesk-Konto zugewiesen wird.<\/div>\n\t\t\t<a class=\"konte-message-box__close close\" href=\"#\"><span class=\"svg-icon icon-close\"><svg width=\"24\" height=\"24\"><use xlink:href=\"#close\"><\/use><\/svg><\/span><\/a>\t\t<\/div>\n\t\t\t\t\t\t<\/div>\n\t\t\t\t<\/div>\n\t\t\t\t<div class=\"elementor-element elementor-element-9acccec elementor-widget elementor-widget-konte-message-box\" data-id=\"9acccec\" data-element_type=\"widget\" data-e-type=\"widget\" data-widget_type=\"konte-message-box.default\">\n\t\t\t\t<div class=\"elementor-widget-container\">\n\t\t\t\t\t\t\t<div class=\"konte-message-box konte-message-box--elementor konte-message-box--danger danger closeable\">\n\t\t\t<span class=\"konte-message-box__icon svg-icon icon-danger\">\n\t\t\t\t<svg width=\"40\" height=\"40\"><use xlink:href=\"#error\"><\/use><\/svg>\t\t\t<\/span>\n\t\t\t<div class=\"konte-message-box__content\">Wenn Sie keine E-Mail von Digit Monitor oder Autodesk erhalten haben und sich auch im Spam-Ordner nichts befindet, haben Sie m\u00f6glicherweise Ihre E-Mail-Adresse beim Checkout falsch eingegeben \u2013 bitte pr\u00fcfen Sie diese auf der Best\u00e4tigungsseite und kontaktieren Sie unser Support-Team umgehend unter contact@digitmonitor.com, damit wir dies korrigieren k\u00f6nnen.<\/div>\n\t\t\t<a class=\"konte-message-box__close close\" href=\"#\"><span class=\"svg-icon icon-close\"><svg width=\"24\" height=\"24\"><use xlink:href=\"#close\"><\/use><\/svg><\/span><\/a>\t\t<\/div>\n\t\t\t\t\t\t<\/div>\n\t\t\t\t<\/div>\n\t\t\t\t<div class=\"elementor-element elementor-element-240d3339 elementor-widget elementor-widget-text-editor\" data-id=\"240d3339\" data-element_type=\"widget\" data-e-type=\"widget\" data-widget_type=\"text-editor.default\">\n\t\t\t\t<div class=\"elementor-widget-container\">\n\t\t\t\t\t\t\t\t\t<p>Bei Digit Monitor sorgen wir f\u00fcr ein reibungsloses Erlebnis beim Erhalt und der Aktivierung Ihres Autodesk-Produkts. Folgen Sie dieser Schritt-f\u00fcr-Schritt-Anleitung, um Ihren Kauf zu erhalten und zu aktivieren.<\/p>\n<p><\/p>\n<h2>Schritt 1: Erhalt Ihres Autodesk-Produkts<\/h2>\n<p><\/p>\n<h3>Bestellabwicklung &amp; E-Mail-Benachrichtigung<\/h3>\n<p><\/p>\n<p>Sobald Sie eine Bestellung aufgegeben haben, weist unser Team das Produkt der beim Kauf angegebenen E-Mail-Adresse zu.<\/p>\n<p><\/p>\n<p>Kurz darauf erhalten Sie eine E-Mail von Autodesk, die die Aktivierung des Produkts best\u00e4tigt. Der Inhalt dieser E-Mail kann je nachdem variieren, ob Sie bereits ein Autodesk-Konto mit dieser E-Mail-Adresse verkn\u00fcpft haben oder nicht.<\/p>\n\t\t\t\t\t\t\t\t<\/div>\n\t\t\t\t<\/div>\n\t\t\t\t<div class=\"elementor-element elementor-element-f8366f5 elementor-widget elementor-widget-konte-message-box\" data-id=\"f8366f5\" data-element_type=\"widget\" data-e-type=\"widget\" data-widget_type=\"konte-message-box.default\">\n\t\t\t\t<div class=\"elementor-widget-container\">\n\t\t\t\t\t\t\t<div class=\"konte-message-box konte-message-box--elementor konte-message-box--warning warning closeable\">\n\t\t\t<span class=\"konte-message-box__icon svg-icon icon-warning\">\n\t\t\t\t<svg width=\"40\" height=\"40\"><use xlink:href=\"#warning\"><\/use><\/svg>\t\t\t<\/span>\n\t\t\t<div class=\"konte-message-box__content\">Es ist entscheidend, dass Sie dieselbe E-Mail-Adresse f\u00fcr Ihren Kauf und Ihr Autodesk-Konto verwenden. Die Softwarelizenz ist direkt mit der E-Mail-Adresse verkn\u00fcpft, die Sie beim Checkout angegeben haben, und Autodesk weist das Produkt genau dieser E-Mail zu.  \r\nWenn Sie eine andere E-Mail-Adresse verwenden, wird das Produkt nicht in Ihrem Autodesk-Konto angezeigt und eine Aktivierung ist nicht m\u00f6glich.<\/div>\n\t\t\t<a class=\"konte-message-box__close close\" href=\"#\"><span class=\"svg-icon icon-close\"><svg width=\"24\" height=\"24\"><use xlink:href=\"#close\"><\/use><\/svg><\/span><\/a>\t\t<\/div>\n\t\t\t\t\t\t<\/div>\n\t\t\t\t<\/div>\n\t\t\t\t<div class=\"elementor-element elementor-element-d1e3313 elementor-widget elementor-widget-text-editor\" data-id=\"d1e3313\" data-element_type=\"widget\" data-e-type=\"widget\" data-widget_type=\"text-editor.default\">\n\t\t\t\t<div class=\"elementor-widget-container\">\n\t\t\t\t\t\t\t\t\t<h3>Fall 1: Ihre E-Mail-Adresse ist nicht mit einem Autodesk-Konto verkn\u00fcpft<\/h3>\n<p><img fetchpriority=\"high\" decoding=\"async\" class=\"aligncenter size-full wp-image-5939\" src=\"https:\/\/dotnetkeys.de\/wp-content\/uploads\/2025\/02\/autodesk-tutorial-01.jpg\" alt=\"\" width=\"512\" height=\"512\" \/><\/p>\n<p>Wenn Sie noch kein Autodesk-Konto haben:<\/p>\n<p><\/p>\n<ol>\n<li>Sie erhalten eine E-Mail von Autodesk mit der Einladung, ein Konto zu erstellen.<\/li>\n<li>\u00d6ffnen Sie die E-Mail und klicken Sie auf die Schaltfl\u00e4che bzw. den Link zur Aktivierung.\n<ul>\n<li>Sie werden auf die Autodesk-Website weitergeleitet, wo Sie Ihre pers\u00f6nlichen Daten (Name, Firma, Land usw.) eingeben m\u00fcssen.<\/li>\n<li>Erstellen Sie ein Passwort und schlie\u00dfen Sie die Registrierung Ihres Kontos ab.<\/li>\n<\/ul>\n<\/li>\n<li>Nach der Registrierung melden Sie sich in Ihrem neu erstellten Autodesk-Konto an, um auf Ihr Produkt zuzugreifen.<\/li>\n<\/ol>\n\t\t\t\t\t\t\t\t<\/div>\n\t\t\t\t<\/div>\n\t\t\t\t<div class=\"elementor-element elementor-element-161d975 elementor-widget elementor-widget-konte-message-box\" data-id=\"161d975\" data-element_type=\"widget\" data-e-type=\"widget\" data-widget_type=\"konte-message-box.default\">\n\t\t\t\t<div class=\"elementor-widget-container\">\n\t\t\t\t\t\t\t<div class=\"konte-message-box konte-message-box--elementor konte-message-box--warning warning closeable\">\n\t\t\t<span class=\"konte-message-box__icon svg-icon icon-warning\">\n\t\t\t\t<svg width=\"40\" height=\"40\"><use xlink:href=\"#warning\"><\/use><\/svg>\t\t\t<\/span>\n\t\t\t<div class=\"konte-message-box__content\">Bitte beachten Sie, dass das E-Mail-System von Autodesk gelegentlich Verz\u00f6gerungen aufweisen kann. Wenn Ihre E-Mail-Adresse bereits mit einem Autodesk-Konto verkn\u00fcpft ist, kann Ihr Produkt m\u00f6glicherweise bereits Ihrem Konto zugewiesen und sichtbar sein, auch wenn die Best\u00e4tigungs-E-Mail noch nicht eingetroffen ist. In einigen F\u00e4llen kann die Zustellung dieser E-Mail mehrere Stunden dauern.<\/div>\n\t\t\t<a class=\"konte-message-box__close close\" href=\"#\"><span class=\"svg-icon icon-close\"><svg width=\"24\" height=\"24\"><use xlink:href=\"#close\"><\/use><\/svg><\/span><\/a>\t\t<\/div>\n\t\t\t\t\t\t<\/div>\n\t\t\t\t<\/div>\n\t\t\t\t<div class=\"elementor-element elementor-element-b4b2770 elementor-widget elementor-widget-text-editor\" data-id=\"b4b2770\" data-element_type=\"widget\" data-e-type=\"widget\" data-widget_type=\"text-editor.default\">\n\t\t\t\t<div class=\"elementor-widget-container\">\n\t\t\t\t\t\t\t\t\t<h3>Fall 2: Ihre E-Mail-Adresse ist bereits mit einem Autodesk-Konto verkn\u00fcpft<\/h3>\n<p><\/p>\n<p>Wenn Ihre E-Mail-Adresse bereits mit einem Autodesk-Konto verbunden ist:<\/p>\n<p><\/p>\n<ol>\n<li>Sie erhalten eine E-Mail-Benachrichtigung von Autodesk, die best\u00e4tigt, dass das Produkt Ihrem Konto zugewiesen wurde.<\/li>\n<li>Melden Sie sich in Ihrem Autodesk-Konto unter <strong>Autodesk Account Management<\/strong> an.<\/li>\n<li>Das gekaufte Produkt sollte automatisch in Ihrem Konto verf\u00fcgbar sein.<\/li>\n<li>Laden Sie die Software herunter und installieren Sie sie.<\/li>\n<\/ol>\n\t\t\t\t\t\t\t\t<\/div>\n\t\t\t\t<\/div>\n\t\t\t\t<div class=\"elementor-element elementor-element-4d5a3f2 elementor-widget elementor-widget-konte-message-box\" data-id=\"4d5a3f2\" data-element_type=\"widget\" data-e-type=\"widget\" data-widget_type=\"konte-message-box.default\">\n\t\t\t\t<div class=\"elementor-widget-container\">\n\t\t\t\t\t\t\t<div class=\"konte-message-box konte-message-box--elementor konte-message-box--warning warning closeable\">\n\t\t\t<span class=\"konte-message-box__icon svg-icon icon-warning\">\n\t\t\t\t<svg width=\"40\" height=\"40\"><use xlink:href=\"#warning\"><\/use><\/svg>\t\t\t<\/span>\n\t\t\t<div class=\"konte-message-box__content\"><p>Wenn das neu zugewiesene Produkt nicht sofort angezeigt wird, melden Sie sich bitte von Ihrem Autodesk-Konto ab, l\u00f6schen Sie den Browser-Cache oder versuchen Sie, Ihr Konto \u00fcber einen anderen Browser aufzurufen. Dadurch wird Ihre Sitzung aktualisiert und sichergestellt, dass das neue Produkt in Ihrem Autodesk-Konto sichtbar wird.<\/p><\/div>\n\t\t\t<a class=\"konte-message-box__close close\" href=\"#\"><span class=\"svg-icon icon-close\"><svg width=\"24\" height=\"24\"><use xlink:href=\"#close\"><\/use><\/svg><\/span><\/a>\t\t<\/div>\n\t\t\t\t\t\t<\/div>\n\t\t\t\t<\/div>\n\t\t\t\t<div class=\"elementor-element elementor-element-41856241 elementor-widget elementor-widget-text-editor\" data-id=\"41856241\" data-element_type=\"widget\" data-e-type=\"widget\" data-widget_type=\"text-editor.default\">\n\t\t\t\t<div class=\"elementor-widget-container\">\n\t\t\t\t\t\t\t\t\t<h2>Schritt 2: Herunterladen und Installieren Ihres Autodesk-Produkts<\/h2>\n<p><\/p>\n<p><img decoding=\"async\" class=\"aligncenter size-full wp-image-5941\" src=\"https:\/\/dotnetkeys.de\/wp-content\/uploads\/2025\/02\/autodesk-tutorial-03.jpg\" alt=\"\" width=\"512\" height=\"244\" \/><br \/>Sobald Ihr Autodesk-Konto aktiv ist:<\/p>\n<p><\/p>\n<ol>\n<li>Gehen Sie zu <span style=\"color: #000080;\"><a style=\"color: #000080;\" href=\"https:\/\/manage.autodesk.com\/products\/all\">https:\/\/manage.autodesk.com\/products\/all<\/a><\/span><\/li>\n<li>Suchen Sie Ihr gekauftes Autodesk-Produkt in der Liste.<\/li>\n<li>Klicken Sie auf <strong>Download<\/strong>, w\u00e4hlen Sie die passende Version f\u00fcr Ihr System und Ihre bevorzugte Sprache, und fahren Sie mit der Installation fort.<\/li>\n<li>Befolgen Sie die Anweisungen auf dem Bildschirm, um die Installation abzuschlie\u00dfen.<\/li>\n<\/ol>\n\t\t\t\t\t\t\t\t<\/div>\n\t\t\t\t<\/div>\n\t\t\t\t<div class=\"elementor-element elementor-element-29e42dc elementor-widget elementor-widget-text-editor\" data-id=\"29e42dc\" data-element_type=\"widget\" data-e-type=\"widget\" data-widget_type=\"text-editor.default\">\n\t\t\t\t<div class=\"elementor-widget-container\">\n\t\t\t\t\t\t\t\t\t<h2>Schritt 3: Aktivierung Ihres Autodesk-Produkts<\/h2>\n<p><\/p>\n<p><img decoding=\"async\" class=\"aligncenter size-full wp-image-5940\" src=\"https:\/\/dotnetkeys.de\/wp-content\/uploads\/2025\/02\/autodesk-tutorial-02.jpg\" alt=\"\" width=\"512\" height=\"298\" \/><br \/>Nach der Installation ist die Aktivierung schnell und einfach:<\/p>\n<p><\/p>\n<ol>\n<li>\u00d6ffnen Sie die installierte Autodesk-Software.<\/li>\n<li>Klicken Sie auf <strong>Mit Ihrer Autodesk-ID anmelden<\/strong>, wenn Sie dazu aufgefordert werden.<\/li>\n<li>Geben Sie die Zugangsdaten Ihres Autodesk-Kontos ein, das mit der beim Kauf verwendeten E-Mail-Adresse verkn\u00fcpft ist.<\/li>\n<li>Nach der Anmeldung wird Ihr Produkt automatisch aktiviert und ist einsatzbereit.<\/li>\n<\/ol>\n\t\t\t\t\t\t\t\t<\/div>\n\t\t\t\t<\/div>\n\t\t\t\t<div class=\"elementor-element elementor-element-f5d7663 elementor-widget elementor-widget-konte-message-box\" data-id=\"f5d7663\" data-element_type=\"widget\" data-e-type=\"widget\" data-widget_type=\"konte-message-box.default\">\n\t\t\t\t<div class=\"elementor-widget-container\">\n\t\t\t\t\t\t\t<div class=\"konte-message-box konte-message-box--elementor konte-message-box--info info closeable\">\n\t\t\t<span class=\"konte-message-box__icon svg-icon icon-info\">\n\t\t\t\t<svg width=\"40\" height=\"40\"><use xlink:href=\"#information\"><\/use><\/svg>\t\t\t<\/span>\n\t\t\t<div class=\"konte-message-box__content\">\u00dcber Digit Monitor erworbene Autodesk-Produkte erfordern keinen herk\u00f6mmlichen Lizenzschl\u00fcssel zur Aktivierung. Sobald die Software heruntergeladen und installiert wurde, melden Sie sich einfach mit Ihren Autodesk-Kontodaten (E-Mail-Adresse und Passwort) an. Ihr Autodesk-Konto selbst dient als Aktivierungsschl\u00fcssel \u2013 auf diese Weise \u00fcberpr\u00fcft und aktiviert Autodesk Ihr Produkt sicher. Eine manuelle Eingabe eines Lizenzschl\u00fcssels oder einer Seriennummer ist nicht erforderlich.<\/div>\n\t\t\t<a class=\"konte-message-box__close close\" href=\"#\"><span class=\"svg-icon icon-close\"><svg width=\"24\" height=\"24\"><use xlink:href=\"#close\"><\/use><\/svg><\/span><\/a>\t\t<\/div>\n\t\t\t\t\t\t<\/div>\n\t\t\t\t<\/div>\n\t\t\t\t<div class=\"elementor-element elementor-element-a2b784a elementor-widget elementor-widget-text-editor\" data-id=\"a2b784a\" data-element_type=\"widget\" data-e-type=\"widget\" data-widget_type=\"text-editor.default\">\n\t\t\t\t<div class=\"elementor-widget-container\">\n\t\t\t\t\t\t\t\t\t<h2>H\u00e4ufig gestellte Fragen (FAQs)<\/h2>\n<h3>1. Ich habe die E-Mail von Autodesk nicht erhalten. Was soll ich tun?<\/h3>\n<p><\/p>\n<p>Wenn Sie nach dem Kauf keine E-Mail von Autodesk erhalten haben, f\u00fchren Sie bitte folgende Schritte aus:<\/p>\n<p><\/p>\n<ol>\n<li>\u00dcberpr\u00fcfen Sie Ihren Spam- oder Junk-Ordner \u2013 E-Mails von Autodesk werden manchmal f\u00e4lschlicherweise als Spam markiert.<\/li>\n<li>Warten Sie einige Minuten \u2013 Die Zustellung von E-Mails kann gelegentlich etwas l\u00e4nger dauern.<\/li>\n<li>Stellen Sie sicher, dass Sie die richtige E-Mail-Adresse angegeben haben \u2013 Vergewissern Sie sich, dass die beim Checkout verwendete E-Mail-Adresse mit der \u00fcbereinstimmt, die Sie pr\u00fcfen.<\/li>\n<li>Kontaktieren Sie den Digit Monitor Support \u2013 Wenn Sie die E-Mail weiterhin nicht erhalten haben, wenden Sie sich bitte per Live-Chat an unser Support-Team. Wir helfen Ihnen, Ihre Bestellung zu \u00fcberpr\u00fcfen und sicherzustellen, dass das Produkt korrekt zugewiesen wurde.<\/li>\n<\/ol>\n<h3>2. Auf wie vielen Ger\u00e4ten kann ich Autodesk installieren?<\/h3>\n<p><\/p>\n<p>Autodesk-Produkte sind in der Regel f\u00fcr <strong>ein Ger\u00e4t pro Benutzer<\/strong> lizenziert. Bitte lesen Sie die Lizenzbedingungen von Autodesk f\u00fcr weitere Informationen.<\/p>\n<h3>3. Ich habe mich angemeldet, aber mein Produkt wird nicht angezeigt. Was soll ich tun?<\/h3>\n<p><\/p>\n<ol>\n<li>\u00dcberpr\u00fcfen Sie Ihre E-Mail-Adresse \u2013 Stellen Sie sicher, dass Sie sich mit derselben E-Mail-Adresse anmelden, die Sie beim Kauf verwendet haben. Das Produkt ist ausschlie\u00dflich mit dieser Adresse verkn\u00fcpft.<\/li>\n<li>Melden Sie sich ab und wieder an \u2013 Manchmal hilft es, die Sitzung zu aktualisieren. Melden Sie sich von Ihrem Autodesk-Konto ab und erneut an.<\/li>\n<li>\u00dcberpr\u00fcfen Sie den Bereich <strong>\u201eAlle Produkte &amp; Dienste\u201c<\/strong> \u2013 Besuchen Sie <a style=\"color: #3366ff;\" href=\"https:\/\/manage.autodesk.com\/products\/all\">https:\/\/manage.autodesk.com\/products\/all<\/a> und pr\u00fcfen Sie, ob das Produkt dort angezeigt wird.<\/li>\n<li>Kontaktieren Sie den Support \u2013 Wenn das Produkt weiterhin nicht angezeigt wird, wenden Sie sich bitte per Live-Chat an den Digit Monitor Support f\u00fcr weitere Unterst\u00fctzung.<\/li>\n<\/ol>\n\t\t\t\t\t\t\t\t<\/div>\n\t\t\t\t<\/div>\n\t\t\t\t\t<\/div>\n\t\t\t\t<\/div>\n\t\t\t\t<\/div>\n\t\t","protected":false},"excerpt":{"rendered":"<p>Bestellungen, die au\u00dferhalb unserer Bearbeitungszeiten (10:00 \u2013 18:00 Uhr CET \/ UTC+1) aufgegeben werden, sind vollst\u00e4ndig best\u00e4tigt und werden sicher f\u00fcr das n\u00e4chste Bearbeitungsfenster vorgemerkt. Ihre Lizenz wird automatisch geliefert,&hellip;<\/p>\n","protected":false},"author":1,"featured_media":0,"parent":0,"menu_order":0,"comment_status":"closed","ping_status":"closed","template":"","meta":{"footnotes":""},"class_list":["post-8659","page","type-page","status-publish","hentry"],"jetpack_sharing_enabled":true,"_links":{"self":[{"href":"https:\/\/digitmonitor.com\/de\/wp-json\/wp\/v2\/pages\/8659","targetHints":{"allow":["GET"]}}],"collection":[{"href":"https:\/\/digitmonitor.com\/de\/wp-json\/wp\/v2\/pages"}],"about":[{"href":"https:\/\/digitmonitor.com\/de\/wp-json\/wp\/v2\/types\/page"}],"author":[{"embeddable":true,"href":"https:\/\/digitmonitor.com\/de\/wp-json\/wp\/v2\/users\/1"}],"replies":[{"embeddable":true,"href":"https:\/\/digitmonitor.com\/de\/wp-json\/wp\/v2\/comments?post=8659"}],"version-history":[{"count":3,"href":"https:\/\/digitmonitor.com\/de\/wp-json\/wp\/v2\/pages\/8659\/revisions"}],"predecessor-version":[{"id":13906,"href":"https:\/\/digitmonitor.com\/de\/wp-json\/wp\/v2\/pages\/8659\/revisions\/13906"}],"wp:attachment":[{"href":"https:\/\/digitmonitor.com\/de\/wp-json\/wp\/v2\/media?parent=8659"}],"curies":[{"name":"wp","href":"https:\/\/api.w.org\/{rel}","templated":true}]}}