{"id":8661,"date":"2018-08-22T08:50:17","date_gmt":"2018-08-22T08:50:17","guid":{"rendered":"https:\/\/digitmonitor.com\/versandrichtlinie\/"},"modified":"2018-08-22T08:50:17","modified_gmt":"2018-08-22T08:50:17","slug":"versandrichtlinie","status":"publish","type":"page","link":"https:\/\/digitmonitor.com\/de\/versandrichtlinie\/","title":{"rendered":"Versandrichtlinie"},"content":{"rendered":"<h3>EINF\u00dcHRUNG<\/h3>\n<p>Digit Monitor kann an nahezu jede Adresse weltweit liefern. Es gibt jedoch Einschr\u00e4nkungen bei einigen Produkten, und andere k\u00f6nnen nicht an internationale Ziele versendet werden. Um die Kundenzufriedenheit sicherzustellen, bietet Digit Monitor eine 30-t\u00e4gige Produktgarantie. Bitte lesen Sie unten unsere vollst\u00e4ndigen Versand- und R\u00fcckgabebedingungen.<\/p>\n<h3>VERSANDRICHTLINIE<\/h3>\n<p>Wenn eine Bestellung online oder \u00fcber unsere Kundenservice-Mitarbeiter aufgegeben wird, h\u00e4ngt die gesch\u00e4tzte Lieferzeit von mehreren Faktoren ab (z.\u202fB. Zielort, Versandmethode, Zeitpunkt der Bestellung usw.). Die meisten Produkte werden noch am selben Tag versendet. Nachfolgend finden Sie die gesch\u00e4tzten Bearbeitungs- und Lieferzeiten je nach Versandmethode (abh\u00e4ngig von der Verf\u00fcgbarkeit kann das Produkt auch fr\u00fcher eintreffen):<\/p>\n<p><strong>Elektronische Lieferung:<\/strong> Produkte, die als digitaler Download erworben wurden, werden am Tag der Bestellbest\u00e4tigung per E-Mail zugestellt.<\/p>\n<ul>\n<li><strong>Produktschl\u00fcssel werden innerhalb von 30 Minuten nach dem Kauf w\u00e4hrend der regul\u00e4ren Gesch\u00e4ftszeiten (10:00\u201322:00 Uhr GMT) per E-Mail versendet.<\/strong><\/li>\n<li><strong>Au\u00dferhalb der Gesch\u00e4ftszeiten erfolgt der Versand der Lizenzschl\u00fcssel innerhalb von bis zu 3 Stunden nach dem Kauf.<\/strong><\/li>\n<\/ul>\n<p><strong>Standardversand:<\/strong> 1\u20132 Tage Bearbeitungszeit. 4\u201310 Werktage f\u00fcr die Lieferung.<\/p>\n<p><strong>WICHTIG:<\/strong> Auch wenn das Unternehmen alles daran setzt, das Produkt sofort nach Zahlungseingang zu liefern, \u00fcbernimmt es keine Haftung f\u00fcr Verz\u00f6gerungen bei der E-Mail-Zustellung, Nichtzustellung oder Folgesch\u00e4den. Verz\u00f6gerungen, die au\u00dferhalb des Einflussbereichs des Unternehmens liegen, berechtigen den Kunden nicht zur Stornierung der Bestellung oder zur Ablehnung der Zustellung per E-Mail.<\/p>\n<h3>R\u00dcCKGABERICHTLINIE<\/h3>\n<p><strong>Digitale Produkte:<\/strong> Sobald Sie einen Produktschl\u00fcssel per Telefon, E-Mail oder auf andere Weise digital erhalten haben, akzeptiert das Unternehmen keine R\u00fcckgabe. Es liegt in der Verantwortung des Kunden, die korrekte Software zu installieren und den passenden Produktschl\u00fcssel zu erwerben.<\/p>\n<p><strong>Physische Produkte:<\/strong> Physische Produkte k\u00f6nnen innerhalb von 14 Tagen nach Lieferung zur\u00fcckgegeben werden. Sie m\u00fcssen sich in der Originalverpackung und in einwandfreiem Zustand befinden. Wenn das zur\u00fcckgesendete Produkt besch\u00e4digt ist, kann das Unternehmen die Kosten f\u00fcr die Sch\u00e4den vom R\u00fcckerstattungsbetrag abziehen oder die R\u00fcckgabe vollst\u00e4ndig ablehnen.<\/p>\n","protected":false},"excerpt":{"rendered":"<p>EINF\u00dcHRUNG Digit Monitor kann an nahezu jede Adresse weltweit liefern. Es gibt jedoch Einschr\u00e4nkungen bei einigen Produkten, und andere k\u00f6nnen nicht an internationale Ziele versendet werden. Um die Kundenzufriedenheit sicherzustellen,&hellip;<\/p>\n","protected":false},"author":1,"featured_media":0,"parent":0,"menu_order":0,"comment_status":"closed","ping_status":"open","template":"","meta":{"footnotes":""},"class_list":["post-8661","page","type-page","status-publish","hentry"],"jetpack_sharing_enabled":true,"_links":{"self":[{"href":"https:\/\/digitmonitor.com\/de\/wp-json\/wp\/v2\/pages\/8661","targetHints":{"allow":["GET"]}}],"collection":[{"href":"https:\/\/digitmonitor.com\/de\/wp-json\/wp\/v2\/pages"}],"about":[{"href":"https:\/\/digitmonitor.com\/de\/wp-json\/wp\/v2\/types\/page"}],"author":[{"embeddable":true,"href":"https:\/\/digitmonitor.com\/de\/wp-json\/wp\/v2\/users\/1"}],"replies":[{"embeddable":true,"href":"https:\/\/digitmonitor.com\/de\/wp-json\/wp\/v2\/comments?post=8661"}],"version-history":[{"count":0,"href":"https:\/\/digitmonitor.com\/de\/wp-json\/wp\/v2\/pages\/8661\/revisions"}],"wp:attachment":[{"href":"https:\/\/digitmonitor.com\/de\/wp-json\/wp\/v2\/media?parent=8661"}],"curies":[{"name":"wp","href":"https:\/\/api.w.org\/{rel}","templated":true}]}}