{"id":15334,"date":"2021-09-04T18:58:34","date_gmt":"2021-09-04T18:58:34","guid":{"rendered":"https:\/\/digitmonitor.com\/product\/windows-11-pro\/"},"modified":"2021-09-04T18:58:34","modified_gmt":"2021-09-04T18:58:34","slug":"windows-11-pro","status":"publish","type":"product","link":"https:\/\/digitmonitor.com\/de\/produkt\/windows-11-pro\/","title":{"rendered":"Windows 11 Pro"},"content":{"rendered":"<p>Microsoft Windows 11 Pro<\/p>\n<p>Windows 11 Pro ist die klassische Version von Windows 11 \u2013 mit professionellen Funktionen f\u00fcr anspruchsvolle Nutzer. Es vereint alles, was Sie ben\u00f6tigen, in einem leistungsstarken System.<\/p>\n<p>Genie\u00dfen Sie das neue, modernisierte Startmen\u00fc in Windows 11 Pro sowie weitere innovative M\u00f6glichkeiten, Ihren PC zu starten.<\/p>\n<p>Verbinden Sie sich mit Ihren Lieblingsmenschen \u00fcber Teams, erhalten Sie aktuelle Nachrichten, spielen Sie Spiele und greifen Sie mit Microsoft Edge auf verifizierte Inhalte zu. Windows 11 Pro ist der ideale Ort, um professionell zu denken, sich auszudr\u00fccken und kreativ zu arbeiten.<\/p>\n<p>Die \u00dcberarbeitung des Startmen\u00fcs in der Windows 11 Pro Edition bietet eine frische Darstellung. In der Mitte finden Sie eine Liste von Orten und Optionen, w\u00e4hrend Anwendungen auf der rechten Seite als Kacheln angezeigt werden. Zudem l\u00e4sst sich das Men\u00fc in der Gr\u00f6\u00dfe anpassen und sogar auf Vollbild erweitern.<\/p>\n<p>Erleben Sie mit der neuen Benutzeroberfl\u00e4che von Windows 11 eine v\u00f6llig neue Perspektive. Windows 11 Pro bietet Ihnen einen ruhigen und kreativen Raum, in dem Sie Ihre Leidenschaften in einer modernen Umgebung entfalten k\u00f6nnen.<\/p>\n<p>Steigern Sie Ihre Produktivit\u00e4t mit Windows 11 Pro durch den Zugriff auf alle ben\u00f6tigten Anwendungen \u2013 einschlie\u00dflich Android-Apps. Multitasking wird durch Funktionen wie Snap-Layouts, virtuelle (Remote-)Desktops und eine neue, intuitivere Andock-Erfahrung deutlich erleichtert.<\/p>\n<p>Nutzen Sie Microsoft Teams in Windows 11 Pro, um auf neue Weise in Kontakt zu bleiben. Teams ersetzt das beliebte Skype und erm\u00f6glicht es Ihnen, direkt vom Desktop aus sofort mit den Menschen zu kommunizieren, die Ihnen wichtig sind. Telefonieren oder chatten Sie kostenlos \u2013 unabh\u00e4ngig vom verwendeten Ger\u00e4t.<\/p>\n<p>Erhalten Sie personalisierte Inhalte mit Microsoft Edge sowie einer Vielzahl ausw\u00e4hlbarer Widgets in Windows 11 Pro. Bleiben Sie jederzeit schnell \u00fcber die wichtigsten Nachrichten, Informationen und Unterhaltungsangebote auf dem Laufenden.<\/p>\n<p>Finden Sie m\u00fchelos die Apps, die Sie ben\u00f6tigen, und die Serien, die Sie gerne ansehen, im neuen Microsoft Store. Zudem k\u00f6nnen Sie Android-Apps in Windows 11 Pro \u00fcber die Intel Bridge-Technologie ausf\u00fchren oder direkt aus dem Microsoft Store herunterladen.<\/p>\n<p>Windows 11 Pro hebt Gaming auf ein neues Niveau \u2013 mit Grafikf\u00e4higkeiten, die der Realit\u00e4t nahekommen. Entdecken Sie Ihr n\u00e4chstes Lieblingsspiel mit dem Xbox Game Pass, der Zugriff auf \u00fcber 100 hochwertige Spiele bietet (Mitgliedschaft separat erh\u00e4ltlich).<\/p>\n<p>Kaufen Sie Windows 11 Home noch heute bei Digitmonitor und profitieren Sie von den beeindruckenden Vorteilen des Betriebssystems der n\u00e4chsten Generation. Sichern Sie sich Rabatte sowie einen 24\/7\/365-Kundensupport.<\/p>\n","protected":false},"excerpt":{"rendered":"<p>Microsoft Windows 11 Pro Windows 11 Pro ist die klassische Version von Windows 11 \u2013 mit professionellen Funktionen f\u00fcr anspruchsvolle Nutzer. Es vereint alles, was Sie ben\u00f6tigen, in einem leistungsstarken&hellip;<\/p>\n","protected":false},"featured_media":8384,"comment_status":"open","ping_status":"closed","template":"","meta":[],"product_brand":[],"product_cat":[511,516],"product_tag":[895,893,534,892,535,873,894,536,537],"class_list":{"0":"post-15334","1":"product","2":"type-product","3":"status-publish","4":"has-post-thumbnail","6":"product_cat-betriebssysteme","7":"product_cat-windows-11-de","8":"product_tag-895","9":"product_tag-64-bit","10":"product_tag-download-de","11":"product_tag-instant","12":"product_tag-lizenz","13":"product_tag-microsoft","14":"product_tag-pro","15":"product_tag-produkt-key","16":"product_tag-windows-de","18":"first","19":"onbackorder","20":"downloadable","21":"virtual","22":"purchasable","23":"product-type-simple"},"jetpack_sharing_enabled":true,"_links":{"self":[{"href":"https:\/\/digitmonitor.com\/de\/wp-json\/wp\/v2\/product\/15334","targetHints":{"allow":["GET"]}}],"collection":[{"href":"https:\/\/digitmonitor.com\/de\/wp-json\/wp\/v2\/product"}],"about":[{"href":"https:\/\/digitmonitor.com\/de\/wp-json\/wp\/v2\/types\/product"}],"replies":[{"embeddable":true,"href":"https:\/\/digitmonitor.com\/de\/wp-json\/wp\/v2\/comments?post=15334"}],"wp:featuredmedia":[{"embeddable":true,"href":"https:\/\/digitmonitor.com\/de\/wp-json\/wp\/v2\/media\/8384"}],"wp:attachment":[{"href":"https:\/\/digitmonitor.com\/de\/wp-json\/wp\/v2\/media?parent=15334"}],"wp:term":[{"taxonomy":"product_brand","embeddable":true,"href":"https:\/\/digitmonitor.com\/de\/wp-json\/wp\/v2\/product_brand?post=15334"},{"taxonomy":"product_cat","embeddable":true,"href":"https:\/\/digitmonitor.com\/de\/wp-json\/wp\/v2\/product_cat?post=15334"},{"taxonomy":"product_tag","embeddable":true,"href":"https:\/\/digitmonitor.com\/de\/wp-json\/wp\/v2\/product_tag?post=15334"}],"curies":[{"name":"wp","href":"https:\/\/api.w.org\/{rel}","templated":true}]}}