{"id":15335,"date":"2021-09-04T18:58:34","date_gmt":"2021-09-04T18:58:34","guid":{"rendered":"https:\/\/digitmonitor.com\/product\/windows-11-home\/"},"modified":"2021-09-04T18:58:34","modified_gmt":"2021-09-04T18:58:34","slug":"windows-11-home","status":"publish","type":"product","link":"https:\/\/digitmonitor.com\/de\/produkt\/windows-11-home\/","title":{"rendered":"Windows 11 Home"},"content":{"rendered":"<p>Microsoft Windows 11 Home<\/p>\n<p>Windows 11 ist die neueste Generation des legend\u00e4ren Windows-Betriebssystems. Das Update hebt die Navigation auf Ihrem System mit einem neuen Design, neuen Funktionen und verbesserter Optimierung auf ein neues Niveau. Holen Sie sich noch heute das \u00fcbersichtlichste, fl\u00fcssigste und modernste Betriebssystem f\u00fcr Ihren Computer, indem Sie Windows 11 bei uns erwerben.<\/p>\n<p>Windows 11 Home ist die klassische Version von Windows 11 \u2013 perfekt f\u00fcr den privaten und gelegentlichen Gebrauch. Es vereint alles, was Sie ben\u00f6tigen, in einem leistungsstarken System. Ein neues Windows-Erlebnis, das Sie den Menschen und Dingen n\u00e4herbringt, die Ihnen wichtig sind.<\/p>\n<p>Erleben Sie mit der neuen Benutzeroberfl\u00e4che von Windows 11 Home eine frische Perspektive. Windows 11 Home bietet Ihnen nun einen ruhigen und kreativen Raum, in dem Sie Ihre Leidenschaften in einer modernen Umgebung entfalten k\u00f6nnen.<\/p>\n<p>Genie\u00dfen Sie das neu gestaltete Startmen\u00fc in Windows 11, das auch in der Home-Edition enthalten ist, sowie neue M\u00f6glichkeiten, sich mit Ihren Lieblingsmenschen zu verbinden, Nachrichten zu verfolgen, Spiele zu spielen und Inhalte zu entdecken \u2013 Windows 11 ist der ideale Ort, um auf nat\u00fcrliche Weise zu denken, sich auszudr\u00fccken und kreativ zu sein.<\/p>\n<p>Die \u00dcberarbeitung des Startmen\u00fcs in der Windows 11 Home Edition bietet eine moderne Darstellung. In der Mitte befindet sich eine Liste von Orten und Optionen, w\u00e4hrend Anwendungen auf der rechten Seite als Kacheln angezeigt werden. Zudem l\u00e4sst sich das Men\u00fc in der Gr\u00f6\u00dfe anpassen und sogar auf Vollbild erweitern.<\/p>\n<p>Maximieren Sie Ihre Produktivit\u00e4t mit Windows 11 Home. Greifen Sie auf alle ben\u00f6tigten Anwendungen zu und erledigen Sie Multitasking m\u00fchelos mit Funktionen wie Snap-Layouts, Desktops und einer neuen, intuitiveren Andock-Erfahrung.<\/p>\n<p>Neue M\u00f6glichkeiten zur Kommunikation bietet Windows 11 Home, da Microsoft Teams das integrierte Skype ersetzt. Verbinden Sie sich direkt vom Desktop aus sofort mit den Menschen, die Ihnen wichtig sind \u2013 per Anruf oder Chat, kostenlos und unabh\u00e4ngig vom verwendeten Ger\u00e4t.<\/p>\n<p>Erhalten Sie personalisierte Inhalte mit Microsoft Edge sowie einer Vielzahl ausw\u00e4hlbarer Widgets in Windows 11 Home. Bleiben Sie jederzeit schnell \u00fcber die wichtigsten Nachrichten, Informationen und Unterhaltungsangebote auf dem Laufenden.<\/p>\n<p>Finden Sie m\u00fchelos die Apps, die Sie ben\u00f6tigen, und die Serien, die Sie gerne ansehen, im neuen Microsoft Store. Au\u00dferdem k\u00f6nnen Sie Android-Apps in Windows 11 Home \u00fcber die Intel Bridge-Technologie ausf\u00fchren oder direkt aus dem Microsoft Store herunterladen.<\/p>\n<p>Spielspa\u00df jederzeit mit Windows 11 Home. Windows 11 hebt Gaming auf ein v\u00f6llig neues Niveau \u2013 mit Grafikf\u00e4higkeiten, die der Realit\u00e4t nahekommen. Entdecken Sie Ihr n\u00e4chstes Lieblingsspiel mit dem Xbox Game Pass, der Zugriff auf \u00fcber 100 hochwertige Spiele bietet (Mitgliedschaft separat erh\u00e4ltlich).<\/p>\n<p>Kaufen Sie Windows 11 Home noch heute bei Digitmonitor und profitieren Sie von den beeindruckenden Vorteilen des Betriebssystems der n\u00e4chsten Generation. Sichern Sie sich Rabatte sowie einen 24\/7\/365-Kundensupport.<\/p>\n","protected":false},"excerpt":{"rendered":"<p>Microsoft Windows 11 Home Windows 11 ist die neueste Generation des legend\u00e4ren Windows-Betriebssystems. Das Update hebt die Navigation auf Ihrem System mit einem neuen Design, neuen Funktionen und verbesserter Optimierung&hellip;<\/p>\n","protected":false},"featured_media":8383,"comment_status":"open","ping_status":"closed","template":"","meta":[],"product_brand":[],"product_cat":[511,516],"product_tag":[895,893,534,892,535,873,536,896,537],"class_list":{"0":"post-15335","1":"product","2":"type-product","3":"status-publish","4":"has-post-thumbnail","6":"product_cat-betriebssysteme","7":"product_cat-windows-11-de","8":"product_tag-895","9":"product_tag-64-bit","10":"product_tag-download-de","11":"product_tag-instant","12":"product_tag-lizenz","13":"product_tag-microsoft","14":"product_tag-produkt-key","15":"product_tag-startseite","16":"product_tag-windows-de","18":"first","19":"onbackorder","20":"downloadable","21":"virtual","22":"purchasable","23":"product-type-simple"},"jetpack_sharing_enabled":true,"_links":{"self":[{"href":"https:\/\/digitmonitor.com\/de\/wp-json\/wp\/v2\/product\/15335","targetHints":{"allow":["GET"]}}],"collection":[{"href":"https:\/\/digitmonitor.com\/de\/wp-json\/wp\/v2\/product"}],"about":[{"href":"https:\/\/digitmonitor.com\/de\/wp-json\/wp\/v2\/types\/product"}],"replies":[{"embeddable":true,"href":"https:\/\/digitmonitor.com\/de\/wp-json\/wp\/v2\/comments?post=15335"}],"wp:featuredmedia":[{"embeddable":true,"href":"https:\/\/digitmonitor.com\/de\/wp-json\/wp\/v2\/media\/8383"}],"wp:attachment":[{"href":"https:\/\/digitmonitor.com\/de\/wp-json\/wp\/v2\/media?parent=15335"}],"wp:term":[{"taxonomy":"product_brand","embeddable":true,"href":"https:\/\/digitmonitor.com\/de\/wp-json\/wp\/v2\/product_brand?post=15335"},{"taxonomy":"product_cat","embeddable":true,"href":"https:\/\/digitmonitor.com\/de\/wp-json\/wp\/v2\/product_cat?post=15335"},{"taxonomy":"product_tag","embeddable":true,"href":"https:\/\/digitmonitor.com\/de\/wp-json\/wp\/v2\/product_tag?post=15335"}],"curies":[{"name":"wp","href":"https:\/\/api.w.org\/{rel}","templated":true}]}}