{"id":15336,"date":"2021-09-04T18:58:32","date_gmt":"2021-09-04T18:58:32","guid":{"rendered":"https:\/\/digitmonitor.com\/product\/windows-10-pro\/"},"modified":"2021-09-04T18:58:32","modified_gmt":"2021-09-04T18:58:32","slug":"windows-10-pro","status":"publish","type":"product","link":"https:\/\/digitmonitor.com\/de\/produkt\/windows-10-pro\/","title":{"rendered":"Windows 10 Pro"},"content":{"rendered":"<p>Microsoft Windows 10 Pro Edition 32-Bit<\/p>\n<p>Einf\u00fchrung: Die professionelle Windows-Version<\/p>\n<p>Microsoft ist ein Technologieriese, der seit jeher f\u00fcr herausragende Innovationen im Bereich der Informationstechnologie bekannt ist. Da ein Gro\u00dfteil der angebotenen Softwarel\u00f6sungen aus dem Hause Microsoft stammt, hat sich das Unternehmen eine unangefochtene Position in der Welt der Technologie gesichert.<\/p>\n<p>Mit der Einf\u00fchrung des beliebten Windows 10 ist es Microsoft gelungen, professionelle Funktionen und moderne Verschl\u00fcsselungstechnologien in einem einzigen System zu vereinen.<\/p>\n<p>Mit der optimalen Unterst\u00fctzung f\u00fcr Unternehmen stellt Microsoft Windows 10 Pro 32-Bit die ideale L\u00f6sung und Ressource f\u00fcr anspruchsvolle Anwender dar.<\/p>\n<p>Microsoft Windows 10 Pro 32-Bit erm\u00f6glicht es den Nutzern zudem, virtuelle Maschinen f\u00fcr den Remote-Zugriff zu erstellen, was zus\u00e4tzliche Flexibilit\u00e4t und Skalierbarkeit bietet.<\/p>\n<p>Im vertrauten Stil der Windows-Systeme ist Microsoft Windows 10 Pro 32-Bit benutzerfreundlich und bietet ein umfangreich ausgestattetes Paket mit leistungsstarken Funktionen und einer klaren Struktur.<\/p>\n<p>Microsoft Windows 10 Pro 32-Bit verf\u00fcgt \u00fcber zahlreiche integrierte Funktionen, die die Anforderungen der Nutzer \u00fcbertreffen und f\u00fcr eine hohe Zufriedenheit sorgen. Werfen Sie einen Blick auf die verschiedenen Funktionen, um ein vollst\u00e4ndiges Verst\u00e4ndnis dieser Windows-Version zu erhalten.<\/p>\n<p>Was ist neu an Microsoft Windows 10 Pro 32-Bit?<\/p>\n<p>Mit einem verbesserten Design und optimierten Funktionen bietet Microsoft Windows 10 Pro 32-Bit alles, was Nutzer f\u00fcr produktives Multitasking und effiziente Zusammenarbeit ben\u00f6tigen.<\/p>\n<p>Dank eines hohen Ma\u00dfes an Verschl\u00fcsselung und gesch\u00e4ftsorientierten Funktionen k\u00f6nnen Anwender mit Microsoft Windows 10 Pro 32-Bit eine \u00e4u\u00dferst professionelle Arbeitsumgebung erwarten. In vielerlei Hinsicht ist diese Windows-Version die perfekte Wahl f\u00fcr Ihr Unternehmen.<\/p>\n<p>Remote-Anmeldung: Microsoft Windows 10 Pro 32-Bit bietet eine fortschrittliche Funktion, mit der sich Nutzer \u00fcber Remotedesktop anmelden und auf ihr System zugreifen k\u00f6nnen \u2013 unabh\u00e4ngig davon, ob sie unterwegs oder zu Hause sind. Dadurch wird ein cloudbasierter Zugriff auf einfache Weise erm\u00f6glicht.<\/p>\n<p>Dom\u00e4nenbeitritt: Die Netzwerkintegration wurde in Microsoft Windows 10 Pro 32-Bit optimal umgesetzt. Mit dieser Version k\u00f6nnen Nutzer ihre Unternehmens- oder Schuldom\u00e4ne mit dem bestehenden Netzwerk verbinden, um Hardware- und Software-Ressourcen effizient zu nutzen.<\/p>\n<p>Erweiterte Verschl\u00fcsselung: Microsoft Windows 10 Pro 32-Bit bietet zudem eine moderne und leistungsstarke Verschl\u00fcsselungstechnologie. Dadurch erhalten Nutzer zus\u00e4tzlichen Schutz vor externen Bedrohungen, w\u00e4hrend Daten sicher und effizient verwaltet werden k\u00f6nnen.<\/p>\n<p>Erstellung virtueller Maschinen: Dank der integrierten Tools k\u00f6nnen Nutzer mit Hyper-V virtuelle Maschinen erstellen und ausf\u00fchren. So lassen sich mehrere Betriebssysteme gleichzeitig auf einem PC nutzen, was Flexibilit\u00e4t und Skalierbarkeit im Netzwerk erh\u00f6ht.<\/p>\n<p>Erstellung eines App-Bereichs: Mit Microsoft Windows 10 Pro 32-Bit k\u00f6nnen Nutzer einen eigenen privaten App-Bereich erstellen und darauf zugreifen, um Unternehmensanwendungen und Daten bequem zu speichern und zu verwalten.<\/p>\n","protected":false},"excerpt":{"rendered":"<p>Microsoft Windows 10 Pro Edition 32-Bit Einf\u00fchrung: Die professionelle Windows-Version Microsoft ist ein Technologieriese, der seit jeher f\u00fcr herausragende Innovationen im Bereich der Informationstechnologie bekannt ist. Da ein Gro\u00dfteil der&hellip;<\/p>\n","protected":false},"featured_media":8382,"comment_status":"open","ping_status":"closed","template":"","meta":[],"product_brand":[],"product_cat":[511,517],"product_tag":[534,892,535,873,894,536,537],"class_list":{"0":"post-15336","1":"product","2":"type-product","3":"status-publish","4":"has-post-thumbnail","6":"product_cat-betriebssysteme","7":"product_cat-windows-10-de","8":"product_tag-download-de","9":"product_tag-instant","10":"product_tag-lizenz","11":"product_tag-microsoft","12":"product_tag-pro","13":"product_tag-produkt-key","14":"product_tag-windows-de","16":"first","17":"instock","18":"downloadable","19":"virtual","20":"purchasable","21":"product-type-simple"},"jetpack_sharing_enabled":true,"_links":{"self":[{"href":"https:\/\/digitmonitor.com\/de\/wp-json\/wp\/v2\/product\/15336","targetHints":{"allow":["GET"]}}],"collection":[{"href":"https:\/\/digitmonitor.com\/de\/wp-json\/wp\/v2\/product"}],"about":[{"href":"https:\/\/digitmonitor.com\/de\/wp-json\/wp\/v2\/types\/product"}],"replies":[{"embeddable":true,"href":"https:\/\/digitmonitor.com\/de\/wp-json\/wp\/v2\/comments?post=15336"}],"wp:featuredmedia":[{"embeddable":true,"href":"https:\/\/digitmonitor.com\/de\/wp-json\/wp\/v2\/media\/8382"}],"wp:attachment":[{"href":"https:\/\/digitmonitor.com\/de\/wp-json\/wp\/v2\/media?parent=15336"}],"wp:term":[{"taxonomy":"product_brand","embeddable":true,"href":"https:\/\/digitmonitor.com\/de\/wp-json\/wp\/v2\/product_brand?post=15336"},{"taxonomy":"product_cat","embeddable":true,"href":"https:\/\/digitmonitor.com\/de\/wp-json\/wp\/v2\/product_cat?post=15336"},{"taxonomy":"product_tag","embeddable":true,"href":"https:\/\/digitmonitor.com\/de\/wp-json\/wp\/v2\/product_tag?post=15336"}],"curies":[{"name":"wp","href":"https:\/\/api.w.org\/{rel}","templated":true}]}}