{"id":15337,"date":"2021-09-04T18:58:26","date_gmt":"2021-09-04T18:58:26","guid":{"rendered":"https:\/\/digitmonitor.com\/product\/windows-10-home\/"},"modified":"2021-09-04T18:58:26","modified_gmt":"2021-09-04T18:58:26","slug":"windows-10-home","status":"publish","type":"product","link":"https:\/\/digitmonitor.com\/de\/produkt\/windows-10-home\/","title":{"rendered":"Windows 10 Home"},"content":{"rendered":"<p>Microsoft Windows 10 Home Edition 64-Bit<\/p>\n<p>Einf\u00fchrung: Das All-in-One-Betriebssystem f\u00fcr moderne Anwender<\/p>\n<p>Microsoft Windows-Betriebssysteme genie\u00dfen seit jeher den Ruf, eine zuverl\u00e4ssige Wahl f\u00fcr komfortable und reibungslose PC-Nutzung zu sein. Windows 10 ist die neueste Erg\u00e4nzung aus dem Hause Microsoft und \u00fcberzeugt mit zahlreichen innovativen Funktionen, die das Nutzungserlebnis deutlich verbessert haben.<\/p>\n<p>Microsoft Windows 10 Home 64-Bit f\u00fchrt eine Vielzahl sogenannter \u201eUniversal Apps\u201c ein, die auf dem Metro-Design basieren. Diese Anwendungen k\u00f6nnen so entwickelt werden, dass sie mit nahezu identischem Code auf verschiedenen Microsoft-Plattformen funktionieren \u2013 darunter Tablets, PCs, Smartphones, Xbox One, eingebettete Systeme, Surface Hub und Mixed Reality. Dies ist nur ein Teil dessen, was dieses Betriebssystem schnell und unkompliziert bietet.<\/p>\n<p>Nicht das passende Windows 10 Produkt f\u00fcr Sie? Entdecken Sie noch heute unsere Auswahl weiterer Microsoft Windows 10 Software.<\/p>\n<p>Die wichtigsten Funktionen von Microsoft Windows 10 Home 64-Bit<\/p>\n<p>Plattform\u00fcbergreifende Nutzung<\/p>\n<p>Es ist wichtig zu wissen, dass das Windows Runtime App-\u00d6kosystem zur Universal Windows Platform (UWP) weiterentwickelt wurde. Das bedeutet, dass Universal Apps auf verschiedenen Plattformen und Ger\u00e4tetypen ausgef\u00fchrt werden k\u00f6nnen, einschlie\u00dflich Tablets, Smartphones, Xbox One Konsolen und anderen kompatiblen Windows 10 Ger\u00e4ten. Zudem teilen Windows-Apps ihren Code plattform\u00fcbergreifend, verf\u00fcgen \u00fcber ein responsives Design, das sich an das jeweilige Ger\u00e4t und die Eingabem\u00f6glichkeiten anpasst, und erm\u00f6glichen die Synchronisierung von Daten zwischen Windows 10 Ger\u00e4ten \u2013 einschlie\u00dflich Anmeldedaten, Benachrichtigungen sowie plattform\u00fcbergreifendem Multiplayer f\u00fcr Spiele.<\/p>\n<p>Windows Store<\/p>\n<p>Unter Windows 10 stellt der Windows Store eine zentrale Anlaufstelle dar. Er dient als integrierter Marktplatz f\u00fcr Apps, Filme &amp; TV sowie Groove Music. Dar\u00fcber hinaus erm\u00f6glicht Windows 10 Home, Web-Apps und klassische Desktop-Software f\u00fcr die Verteilung \u00fcber den Windows Store zu paketieren.<\/p>\n<p>Startmen\u00fc-\u00dcberarbeitung<\/p>\n<p>Windows 10 Home bietet eine \u00fcberarbeitete Version des Startmen\u00fcs. Auf der linken Seite befindet sich eine Liste mit Orten und Optionen, w\u00e4hrend Anwendungen auf der rechten Seite als Kacheln dargestellt werden. Das Men\u00fc l\u00e4sst sich zudem in der Gr\u00f6\u00dfe anpassen und sogar im Vollbildmodus anzeigen. Diese Funktion ist standardm\u00e4\u00dfig im Tablet-Modus verf\u00fcgbar.<\/p>\n<p>Task View<\/p>\n<p>Die Funktion \u201eTask View\u201c zeigt alle ge\u00f6ffneten Fenster an und erm\u00f6glicht es den Nutzern, bequem zwischen ihnen oder verschiedenen Arbeitsbereichen zu wechseln. Interessanterweise k\u00f6nnen Windows Store-Apps, die zuvor nur im Vollbildmodus genutzt werden konnten, nun wie herk\u00f6mmliche Programme in eigenen Fenstern ausgef\u00fchrt werden. Au\u00dferdem lassen sich Fenster durch einfaches Ziehen in die Ecken des Bildschirms in vier Bereiche aufteilen. Wird ein Fenster an eine Seite angedockt, erscheint automatisch die Task-View, und der Nutzer wird aufgefordert, ein zweites Fenster auszuw\u00e4hlen, um den verbleibenden Bereich des Bildschirms zu f\u00fcllen.<\/p>\n","protected":false},"excerpt":{"rendered":"<p>Microsoft Windows 10 Home Edition 64-Bit Einf\u00fchrung: Das All-in-One-Betriebssystem f\u00fcr moderne Anwender Microsoft Windows-Betriebssysteme genie\u00dfen seit jeher den Ruf, eine zuverl\u00e4ssige Wahl f\u00fcr komfortable und reibungslose PC-Nutzung zu sein. Windows&hellip;<\/p>\n","protected":false},"featured_media":8381,"comment_status":"open","ping_status":"closed","template":"","meta":[],"product_brand":[],"product_cat":[511,517],"product_tag":[893,534,892,535,873,536,896,537],"class_list":{"0":"post-15337","1":"product","2":"type-product","3":"status-publish","4":"has-post-thumbnail","6":"product_cat-betriebssysteme","7":"product_cat-windows-10-de","8":"product_tag-64-bit","9":"product_tag-download-de","10":"product_tag-instant","11":"product_tag-lizenz","12":"product_tag-microsoft","13":"product_tag-produkt-key","14":"product_tag-startseite","15":"product_tag-windows-de","17":"first","18":"onbackorder","19":"downloadable","20":"virtual","21":"purchasable","22":"product-type-simple"},"jetpack_sharing_enabled":true,"_links":{"self":[{"href":"https:\/\/digitmonitor.com\/de\/wp-json\/wp\/v2\/product\/15337","targetHints":{"allow":["GET"]}}],"collection":[{"href":"https:\/\/digitmonitor.com\/de\/wp-json\/wp\/v2\/product"}],"about":[{"href":"https:\/\/digitmonitor.com\/de\/wp-json\/wp\/v2\/types\/product"}],"replies":[{"embeddable":true,"href":"https:\/\/digitmonitor.com\/de\/wp-json\/wp\/v2\/comments?post=15337"}],"wp:featuredmedia":[{"embeddable":true,"href":"https:\/\/digitmonitor.com\/de\/wp-json\/wp\/v2\/media\/8381"}],"wp:attachment":[{"href":"https:\/\/digitmonitor.com\/de\/wp-json\/wp\/v2\/media?parent=15337"}],"wp:term":[{"taxonomy":"product_brand","embeddable":true,"href":"https:\/\/digitmonitor.com\/de\/wp-json\/wp\/v2\/product_brand?post=15337"},{"taxonomy":"product_cat","embeddable":true,"href":"https:\/\/digitmonitor.com\/de\/wp-json\/wp\/v2\/product_cat?post=15337"},{"taxonomy":"product_tag","embeddable":true,"href":"https:\/\/digitmonitor.com\/de\/wp-json\/wp\/v2\/product_tag?post=15337"}],"curies":[{"name":"wp","href":"https:\/\/api.w.org\/{rel}","templated":true}]}}