{"id":15448,"date":"2021-09-04T18:58:27","date_gmt":"2021-09-04T18:58:27","guid":{"rendered":"https:\/\/digitmonitor.com\/product\/office-home-and-student-2021-fuer-mac\/"},"modified":"2021-09-04T18:58:27","modified_gmt":"2021-09-04T18:58:27","slug":"office-home-and-student-2021-fuer-mac","status":"publish","type":"product","link":"https:\/\/digitmonitor.com\/de\/produkt\/office-home-and-student-2021-fuer-mac\/","title":{"rendered":"Office Home and Student 2021 f\u00fcr Mac"},"content":{"rendered":"<h3>Microsoft Office 2021 Home & Student f\u00fcr Mac<\/h3>\n<p>Kreativ. Zukunftsorientiert. Benutzerfreundlich.<\/p>\n<p>Microsoft Office 2021 Home & Student f\u00fcr Mac ist eine langfristige Investition in moderne Produktivit\u00e4tstechnologie und Ihr direkter Zugang zur neuesten Microsoft-Innovation. Unterst\u00fctzt durch intelligente Funktionen bietet diese Office-Suite leistungsstarke Werkzeuge, die pers\u00f6nlicher, effizienter und moderner denn je sind.<\/p>\n<p>Ganz gleich, ob Sie Unternehmer, Student oder Inhaber eines kleinen Unternehmens sind \u2013 wenn Sie keine veralteten Anwendungen mehr nutzen m\u00f6chten, ist jetzt der richtige Zeitpunkt f\u00fcr ein Upgrade. Profitieren Sie von verbesserten Versionen Ihrer Lieblingsprogramme mit neuen Funktionen, die den Alltag erleichtern. Begeistern Sie Kunden, Lehrer und Kollegen mit professionellen Ergebnissen in jedem Bereich.<\/p>\n<p>Erleben Sie Microsoft Office wie nie zuvor auf allen kompatiblen macOS-Ger\u00e4ten. Freuen Sie sich auf elegante Designelemente, ultraschnelle Leistung, ein modernes Erscheinungsbild und aktuelle Funktionen, die perfekt zu Ihrem Mac passen.<\/p>\n<p>Nutzen Sie Ihre Zeit effizienter mit Office 2021 Home & Student auf Ihrem Mac. Jede Anwendung wurde f\u00fcr die Anforderungen des modernen Marktes entwickelt und kontinuierlich optimiert \u2013 von einem der weltweit f\u00fchrenden Softwareunternehmen mit jahrzehntelanger Innovationsgeschichte.<\/p>\n<p>Das neue Design ist intuitiv bedienbar, und die nahtlose Integration erleichtert die Zusammenarbeit mit anderen mehr denn je. Die klassischen Anwendungen dieser Edition umfassen die 2021-Versionen von Word, Excel und PowerPoint f\u00fcr Mac. Dank der dauerhaften Lizenz war der Einstieg in Microsoft Office noch nie so einfach.<\/p>\n<h2>Funktionen<\/h2>\n<p>Office 2021 f\u00fcr Mac ist der perfekte Einstieg f\u00fcr produktives Arbeiten. Es bietet alle wichtigen Werkzeuge des t\u00e4glichen Bedarfs auf einer eleganten Plattform, die Kreativit\u00e4t und Leistung miteinander verbindet.<\/p>\n<p>Die neue Version liefert alles, was Sie sofort ben\u00f6tigen \u2013 ohne lange Suche nach Funktionen oder komplizierte Men\u00fcs. Office 2021 Home & Student f\u00fcr Mac geh\u00f6rt dauerhaft Ihnen. Hier sehen Sie, was enthalten ist:<\/p>\n<h3>Microsoft Word 2021 f\u00fcr Mac<\/h3>\n<p>Die beliebte Textverarbeitung f\u00fcr Hausarbeiten, Dokumente und private Projekte ist zur\u00fcck \u2013 leistungsst\u00e4rker als je zuvor. Neue Funktionen sorgen f\u00fcr ein besseres Schreibgef\u00fchl und mehr Struktur bei jeder Aufgabe.<\/p>\n<h3>Microsoft Excel 2021 f\u00fcr Mac<\/h3>\n<p>Microsoft Excel 2021 geh\u00f6rt zu den umfassendsten und benutzerfreundlichsten Tabellenkalkulationsprogrammen auf dem Markt. Erweitern Sie Ihre F\u00e4higkeiten in der Datenanalyse mit neuen Funktionen, die speziell f\u00fcr moderne Anforderungen entwickelt wurden.<\/p>\n<p>Excel 2021 hebt Produktivit\u00e4t auf ein neues Niveau. Erstellen Sie m\u00fchelos komplexe, professionelle Tabellen und setzen Sie Ihre Ideen effizient um.<\/p>\n<h3>Microsoft PowerPoint 2021 f\u00fcr Mac<\/h3>\n<p>PowerPoint 2021 ist ideal f\u00fcr alle, die beeindruckende Pr\u00e4sentationen erstellen und wirkungsvoll pr\u00e4sentieren m\u00f6chten. Mit zahlreichen Verbesserungen und neuen Funktionen gelingen professionelle Ergebnisse einfacher denn je.<\/p>\n<p><strong>W\u00e4hlen Sie das passende Office f\u00fcr sich<\/strong><\/p>\n<p>Microsoft Office 2021 Home & Student f\u00fcr Mac ist ideal f\u00fcr Sch\u00fcler, Studenten, private Anwender sowie Unternehmer und Selbstst\u00e4ndige, die Arbeit und Alltag besser organisieren m\u00f6chten. Dank leistungsstarker Funktionen und dauerhafter Lizenz ist diese Suite die perfekte Wahl f\u00fcr jeden Mac-Nutzer.<\/p>\n","protected":false},"excerpt":{"rendered":"<p>Microsoft Office 2021 Home &#038; Student f\u00fcr Mac Kreativ. Zukunftsorientiert. Benutzerfreundlich. Microsoft Office 2021 Home &#038; Student f\u00fcr Mac ist eine langfristige Investition in moderne Produktivit\u00e4tstechnologie und Ihr direkter Zugang&hellip;<\/p>\n","protected":false},"featured_media":8376,"comment_status":"open","ping_status":"closed","template":"","meta":[],"product_brand":[],"product_cat":[513,521,509],"product_tag":[901,920,534,892,535,902,873,903,536,896],"class_list":{"0":"post-15448","1":"product","2":"type-product","3":"status-publish","4":"has-post-thumbnail","6":"product_cat-microsoft-office","7":"product_cat-office-2021-for-mac-de","8":"product_cat-office-pakete-fuer-mac","9":"product_tag-901","10":"product_tag-and","11":"product_tag-download-de","12":"product_tag-instant","13":"product_tag-lizenz","14":"product_tag-mac","15":"product_tag-microsoft","16":"product_tag-office","17":"product_tag-produkt-key","18":"product_tag-startseite","20":"first","21":"instock","22":"downloadable","23":"virtual","24":"purchasable","25":"product-type-simple"},"jetpack_sharing_enabled":true,"_links":{"self":[{"href":"https:\/\/digitmonitor.com\/de\/wp-json\/wp\/v2\/product\/15448","targetHints":{"allow":["GET"]}}],"collection":[{"href":"https:\/\/digitmonitor.com\/de\/wp-json\/wp\/v2\/product"}],"about":[{"href":"https:\/\/digitmonitor.com\/de\/wp-json\/wp\/v2\/types\/product"}],"replies":[{"embeddable":true,"href":"https:\/\/digitmonitor.com\/de\/wp-json\/wp\/v2\/comments?post=15448"}],"wp:featuredmedia":[{"embeddable":true,"href":"https:\/\/digitmonitor.com\/de\/wp-json\/wp\/v2\/media\/8376"}],"wp:attachment":[{"href":"https:\/\/digitmonitor.com\/de\/wp-json\/wp\/v2\/media?parent=15448"}],"wp:term":[{"taxonomy":"product_brand","embeddable":true,"href":"https:\/\/digitmonitor.com\/de\/wp-json\/wp\/v2\/product_brand?post=15448"},{"taxonomy":"product_cat","embeddable":true,"href":"https:\/\/digitmonitor.com\/de\/wp-json\/wp\/v2\/product_cat?post=15448"},{"taxonomy":"product_tag","embeddable":true,"href":"https:\/\/digitmonitor.com\/de\/wp-json\/wp\/v2\/product_tag?post=15448"}],"curies":[{"name":"wp","href":"https:\/\/api.w.org\/{rel}","templated":true}]}}