{"id":15449,"date":"2021-09-04T18:58:27","date_gmt":"2021-09-04T18:58:27","guid":{"rendered":"https:\/\/digitmonitor.com\/product\/15449\/"},"modified":"2026-04-18T00:19:40","modified_gmt":"2026-04-18T00:19:40","slug":"15449","status":"publish","type":"product","link":"https:\/\/digitmonitor.com\/de\/produkt\/15449\/","title":{"rendered":"Microsoft Office 2019 Home &#038; Student f\u00fcr Mac"},"content":{"rendered":"<h3>Microsoft Office 2019 Home &amp; Student f\u00fcr Mac<\/h3>\n<ul>\n<li>Genie\u00dfen Sie die bew\u00e4hrten Microsoft-Anwendungen, die Sie kennen und sch\u00e4tzen \u2013 mit nur einem einfachen Download.<\/li>\n<li>Erledigen Sie s\u00e4mtliche Schul- und Studienaufgaben schnell und effizient.<\/li>\n<li>Einfach zu bedienen, benutzerfreundlich und besonders interaktiv gestaltet.<\/li>\n<li>Vertraute Programme mit zahlreichen Verbesserungen und neuen Funktionen.<\/li>\n<li>Dateien lassen sich problemlos mit Mitsch\u00fclern, Lehrern und Kollegen teilen.<\/li>\n<li>Enth\u00e4lt viele Erweiterungen im Vergleich zur Version 2016.<\/li>\n<\/ul>\n<p>F\u00fcr die Nutzung dieser Anwendungen sind keine besonderen Vorkenntnisse erforderlich. Jede Anwendung bietet hilfreiche Funktionen und eine intuitive Oberfl\u00e4che, sodass auch Einsteiger sofort produktiv arbeiten k\u00f6nnen.<\/p>\n<p>Microsoft Office Home &amp; Student 2019 f\u00fcr Mac ist eine ausgezeichnete Wahl f\u00fcr Sch\u00fcler, Studenten sowie alle privaten Nutzer, die zuverl\u00e4ssige Office-Anwendungen ben\u00f6tigen. Microsoft wei\u00df, dass der Alltag bereits anspruchsvoll genug ist \u2013 deshalb wurde diese Suite entwickelt, um Arbeiten komfortabel, effizient und unkompliziert zu gestalten.<\/p>\n<p>Enthalten sind Word, Excel und PowerPoint \u2013 also alle wichtigen Programme, die Sie zum Erstellen von Dokumenten, Tabellen und Pr\u00e4sentationen ben\u00f6tigen. Die Installation erfolgt per einmaligem Download, einmaligem Kauf und ist f\u00fcr ein Mac-Ger\u00e4t verf\u00fcgbar.<\/p>\n<p>Nach Abschluss des Downloads k\u00f6nnen Sie die Anwendungen sofort verwenden. Alle Programme wurden mit Fokus auf Benutzerfreundlichkeit entwickelt und unterst\u00fctzen Sie zuverl\u00e4ssig bei t\u00e4glichen Aufgaben.<\/p>\n<p>Anwendungen, die Sie begeistern werden<\/p>\n<h3>Word 2019<\/h3>\n<p>Mit Word erstellen, bearbeiten und teilen Sie professionelle Dokumente schnell und einfach. Ideal f\u00fcr Hausarbeiten, Berichte, Briefe und vieles mehr.<\/p>\n<h3>Excel 2019<\/h3>\n<p>Excel z\u00e4hlt zu den besten Tabellenkalkulationsprogrammen \u00fcberhaupt. Organisieren, analysieren und verwalten Sie Daten m\u00fchelos und \u00fcbersichtlich.<\/p>\n<h3>PowerPoint 2019<\/h3>\n<p>PowerPoint 2019 f\u00fcr Mac bietet Ihnen moderne Werkzeuge zur Erstellung professioneller Pr\u00e4sentationen. Besonders f\u00fcr Sch\u00fcler und Studenten ideal, um Projekte visuell ansprechend und \u00fcberzeugend darzustellen.<\/p>\n","protected":false},"excerpt":{"rendered":"<p>Microsoft Office 2019 Home &amp; Student f\u00fcr Mac Genie\u00dfen Sie die bew\u00e4hrten Microsoft-Anwendungen, die Sie kennen und sch\u00e4tzen \u2013 mit nur einem einfachen Download. Erledigen Sie s\u00e4mtliche Schul- und Studienaufgaben&hellip;<\/p>\n","protected":false},"featured_media":8374,"comment_status":"open","ping_status":"closed","template":"","meta":[],"product_brand":[],"product_cat":[513,523],"product_tag":[880,920,534,892,535,902,873,903,536,896],"class_list":{"0":"post-15449","1":"product","2":"type-product","3":"status-publish","4":"has-post-thumbnail","6":"product_cat-microsoft-office","7":"product_cat-office-2019-office-for-mac-de","8":"product_tag-880","9":"product_tag-and","10":"product_tag-download-de","11":"product_tag-instant","12":"product_tag-lizenz","13":"product_tag-mac","14":"product_tag-microsoft","15":"product_tag-office","16":"product_tag-produkt-key","17":"product_tag-startseite","19":"first","20":"instock","21":"downloadable","22":"virtual","23":"purchasable","24":"product-type-simple"},"jetpack_sharing_enabled":true,"_links":{"self":[{"href":"https:\/\/digitmonitor.com\/de\/wp-json\/wp\/v2\/product\/15449","targetHints":{"allow":["GET"]}}],"collection":[{"href":"https:\/\/digitmonitor.com\/de\/wp-json\/wp\/v2\/product"}],"about":[{"href":"https:\/\/digitmonitor.com\/de\/wp-json\/wp\/v2\/types\/product"}],"replies":[{"embeddable":true,"href":"https:\/\/digitmonitor.com\/de\/wp-json\/wp\/v2\/comments?post=15449"}],"wp:featuredmedia":[{"embeddable":true,"href":"https:\/\/digitmonitor.com\/de\/wp-json\/wp\/v2\/media\/8374"}],"wp:attachment":[{"href":"https:\/\/digitmonitor.com\/de\/wp-json\/wp\/v2\/media?parent=15449"}],"wp:term":[{"taxonomy":"product_brand","embeddable":true,"href":"https:\/\/digitmonitor.com\/de\/wp-json\/wp\/v2\/product_brand?post=15449"},{"taxonomy":"product_cat","embeddable":true,"href":"https:\/\/digitmonitor.com\/de\/wp-json\/wp\/v2\/product_cat?post=15449"},{"taxonomy":"product_tag","embeddable":true,"href":"https:\/\/digitmonitor.com\/de\/wp-json\/wp\/v2\/product_tag?post=15449"}],"curies":[{"name":"wp","href":"https:\/\/api.w.org\/{rel}","templated":true}]}}