{"id":15452,"date":"2021-09-04T18:58:25","date_gmt":"2021-09-04T18:58:25","guid":{"rendered":"https:\/\/digitmonitor.com\/product\/office-home-and-business-2021-fuer-mac\/"},"modified":"2021-09-04T18:58:25","modified_gmt":"2021-09-04T18:58:25","slug":"office-home-and-business-2021-fuer-mac","status":"publish","type":"product","link":"https:\/\/digitmonitor.com\/de\/produkt\/office-home-and-business-2021-fuer-mac\/","title":{"rendered":"Office Home and Business 2021 f\u00fcr Mac"},"content":{"rendered":"<h3>Microsoft Office 2021 Home and Business f\u00fcr Mac<\/h3>\n<p>Office 2021 Home and Business f\u00fcr Mac ist die ideale L\u00f6sung f\u00fcr kleine Unternehmen und Selbstst\u00e4ndige, die Zeit sparen und ihre t\u00e4glichen B\u00fcroaufgaben effizienter erledigen m\u00f6chten. Diese Edition wurde speziell entwickelt, um Unternehmer mit leistungsstarken Funktionen im Gesch\u00e4ftsalltag zu unterst\u00fctzen.<\/p>\n<p>Die neue Version von Microsoft Office wurde mit Blick auf die Anforderungen moderner Unternehmen entwickelt. Sie erleichtert Aufgaben wie Rechnungsstellung, Terminplanung und Organisation, w\u00e4hrend gleichzeitig alle wichtigen Programme wie Word und Excel enthalten sind \u2013 unverzichtbare Werkzeuge in jeder professionellen Arbeitsumgebung.<\/p>\n<p>Freuen Sie sich auf ein neues, benutzerfreundliches Design f\u00fcr Ihre bevorzugten Office-Anwendungen. Die bekannte Men\u00fcband-Oberfl\u00e4che erscheint in modernem Stil, inklusive leistungsstarkem Dunkelmodus und weiteren Verbesserungen.<\/p>\n<p>Kein Abonnement erforderlich \u2013 mit nur einem Kauf erhalten Sie dauerhaften Zugriff auf alle Programme, die Sie f\u00fcr eine solide Grundlage Ihres Unternehmens ben\u00f6tigen.<\/p>\n<h3>Microsoft Word 2021 f\u00fcr Mac<\/h3>\n<p>Die beliebte Textverarbeitung f\u00fcr Dokumente, Berichte und Korrespondenz ist zur\u00fcck \u2013 leistungsst\u00e4rker als je zuvor. Neue Funktionen sorgen f\u00fcr ein besseres Schreibgef\u00fchl und mehr Effizienz bei jeder Aufgabe.<\/p>\n<p>Erledigen Sie mehr in k\u00fcrzerer Zeit. Alle Werkzeuge f\u00fcr Ihre Projekte befinden sich direkt griffbereit.<\/p>\n<p>Mit der \u201eTell Me\u201c-Suche finden Sie Funktionen sofort und k\u00f6nnen diese zur Schnellzugriffsleiste hinzuf\u00fcgen.<\/p>\n<h3>Microsoft Excel 2021 f\u00fcr Mac<\/h3>\n<p>Microsoft Excel 2021 geh\u00f6rt zu den umfassendsten und benutzerfreundlichsten Tabellenkalkulationsprogrammen auf dem Markt. Optimieren Sie Ihre Datenanalyse mit leistungsstarken neuen Funktionen.<\/p>\n<p>Excel 2021 erweitert die Grenzen des Machbaren. Erstellen Sie m\u00fchelos komplexe, professionelle Tabellen und setzen Sie Ihre Ideen effizient um.<\/p>\n<h3>Microsoft PowerPoint 2021 f\u00fcr Mac<\/h3>\n<p>PowerPoint 2021 ist ideal f\u00fcr alle, die beeindruckende Pr\u00e4sentationen erstellen und wirkungsvoll pr\u00e4sentieren m\u00f6chten. Dank zahlreicher Verbesserungen und neuer Funktionen erzielen Sie professionelle Ergebnisse mit maximaler Wirkung.<\/p>\n<p>Seien Sie kreativ und professionell zugleich. Mit PowerPoint 2021 k\u00f6nnen Sie Ihrer Fantasie freien Lauf lassen, ohne auf einen seri\u00f6sen Auftritt zu verzichten.<\/p>\n<h3>Microsoft Outlook 2021 f\u00fcr Mac<\/h3>\n<p>E-Mails sind ein zentraler Bestandteil jedes erfolgreichen Unternehmens. Sie ben\u00f6tigen jederzeit den \u00dcberblick \u2013 auch unterwegs. Outlook 2021 verbessert alle Bereiche des E-Mail-Managements, darunter Formatierung, Kontakte und Anh\u00e4nge.<\/p>\n<p>Es war noch nie so einfach, Kunden, Partner oder Kollegen professionell zu erreichen. Mit Outlook 2021 arbeiten Sie organisiert, schnell und effizient.<\/p>\n","protected":false},"excerpt":{"rendered":"<p>Microsoft Office 2021 Home and Business f\u00fcr Mac Office 2021 Home and Business f\u00fcr Mac ist die ideale L\u00f6sung f\u00fcr kleine Unternehmen und Selbstst\u00e4ndige, die Zeit sparen und ihre t\u00e4glichen&hellip;<\/p>\n","protected":false},"featured_media":8370,"comment_status":"open","ping_status":"closed","template":"","meta":[],"product_brand":[],"product_cat":[513,521,509],"product_tag":[901,920,904,534,892,535,902,873,903,536,896],"class_list":{"0":"post-15452","1":"product","2":"type-product","3":"status-publish","4":"has-post-thumbnail","6":"product_cat-microsoft-office","7":"product_cat-office-2021-for-mac-de","8":"product_cat-office-pakete-fuer-mac","9":"product_tag-901","10":"product_tag-and","11":"product_tag-business","12":"product_tag-download-de","13":"product_tag-instant","14":"product_tag-lizenz","15":"product_tag-mac","16":"product_tag-microsoft","17":"product_tag-office","18":"product_tag-produkt-key","19":"product_tag-startseite","21":"first","22":"instock","23":"downloadable","24":"virtual","25":"purchasable","26":"product-type-simple"},"jetpack_sharing_enabled":true,"_links":{"self":[{"href":"https:\/\/digitmonitor.com\/de\/wp-json\/wp\/v2\/product\/15452","targetHints":{"allow":["GET"]}}],"collection":[{"href":"https:\/\/digitmonitor.com\/de\/wp-json\/wp\/v2\/product"}],"about":[{"href":"https:\/\/digitmonitor.com\/de\/wp-json\/wp\/v2\/types\/product"}],"replies":[{"embeddable":true,"href":"https:\/\/digitmonitor.com\/de\/wp-json\/wp\/v2\/comments?post=15452"}],"wp:featuredmedia":[{"embeddable":true,"href":"https:\/\/digitmonitor.com\/de\/wp-json\/wp\/v2\/media\/8370"}],"wp:attachment":[{"href":"https:\/\/digitmonitor.com\/de\/wp-json\/wp\/v2\/media?parent=15452"}],"wp:term":[{"taxonomy":"product_brand","embeddable":true,"href":"https:\/\/digitmonitor.com\/de\/wp-json\/wp\/v2\/product_brand?post=15452"},{"taxonomy":"product_cat","embeddable":true,"href":"https:\/\/digitmonitor.com\/de\/wp-json\/wp\/v2\/product_cat?post=15452"},{"taxonomy":"product_tag","embeddable":true,"href":"https:\/\/digitmonitor.com\/de\/wp-json\/wp\/v2\/product_tag?post=15452"}],"curies":[{"name":"wp","href":"https:\/\/api.w.org\/{rel}","templated":true}]}}