{"id":15454,"date":"2021-09-04T18:58:25","date_gmt":"2021-09-04T18:58:25","guid":{"rendered":"https:\/\/digitmonitor.com\/product\/office-home-and-student-2016-fuer-mac\/"},"modified":"2021-09-04T18:58:25","modified_gmt":"2021-09-04T18:58:25","slug":"office-home-and-student-2016-fuer-mac","status":"publish","type":"product","link":"https:\/\/digitmonitor.com\/de\/produkt\/office-home-and-student-2016-fuer-mac\/","title":{"rendered":"Office Home and Student 2016 f\u00fcr Mac"},"content":{"rendered":"<p>Das beste Office f\u00fcr Mac. Aller Zeiten.<\/p>\n<p>Office f\u00fcr Mac z\u00e4hlt seit Jahren zu den produktivsten und vielseitigsten Software-Suiten \u00fcberhaupt. Mit Microsoft Office 2016 Home and Student f\u00fcr Mac liefert Microsoft erneut ein starkes Gesamtpaket mit den wichtigsten Office-Anwendungen \u2013 Word, Excel, PowerPoint und OneNote \u2013 erg\u00e4nzt durch durchdachte Funktionen speziell f\u00fcr macOS.<\/p>\n<p>Kombiniert mit modernen Benutzeroberfl\u00e4chen-Verbesserungen profitieren Sie von einem fl\u00fcssigeren, \u00fcbersichtlicheren und schnelleren Office-Erlebnis \u2013 sowohl zu Hause als auch in Schule oder Studium. Office 2016 f\u00fcr Mac wurde entwickelt, um Ihnen das Arbeiten und Lernen einfacher und effizienter zu machen.<\/p>\n<p>Funktionen<\/p>\n<p>Word 2016<\/p>\n<p>Erstellen Sie professionelle Dokumente mit modernen Bearbeitungs- und Freigabefunktionen.<\/p>\n<p>Smart Lookup zeigt kontextbezogene Informationen direkt aus dem Web innerhalb von Word an.<\/p>\n<p>\u00dcber die neue Registerkarte \u201eDesign\u201c erhalten Sie schnellen Zugriff auf zahlreiche Word-Funktionen.<\/p>\n<p>Excel 2016<\/p>\n<p>Nutzen Sie Analysis ToolPak, Formel-Generatoren und Datenschnitte, um Zeit zu sparen und sich st\u00e4rker auf Ergebnisse und Analysen zu konzentrieren.<\/p>\n<p>Verwenden Sie Ihre bevorzugten Tastenkombinationen f\u00fcr ein schnelleres Arbeiten.<\/p>\n<p>Analysieren und visualisieren Sie Daten mit einer neuen, frischen und intuitiven Benutzeroberfl\u00e4che.<\/p>\n<p>PowerPoint 2016<\/p>\n<p>Erstellen Sie Pr\u00e4sentationen, arbeiten Sie gemeinsam mit anderen und pr\u00e4sentieren Sie Ihre Ideen wirkungsvoll mit neuen Folien\u00fcberg\u00e4ngen und einem verbesserten Animationsbereich.<\/p>\n<p>F\u00fcgen Sie Sprechernotizen und einen Timer hinzu, w\u00e4hrend Sie Ihre Pr\u00e4sentation auf dem gro\u00dfen Bildschirm anzeigen.<\/p>\n<p>Nutzen Sie Kommentarthreads direkt an den Folien, um Feedback einfach einzuarbeiten.<\/p>\n<p>OneNote 2016<\/p>\n<p>Speichern Sie Notizen, Fotos, Ideen, Webseiten, Videos und Audiodateien an einem Ort.<\/p>\n<p>Teilen Sie Inhalte und arbeiten Sie von \u00fcberall gemeinsam mit Kollegen oder Mitsch\u00fclern.<\/p>\n<p>OneNote eignet sich ideal f\u00fcr Reiseplanung, Arbeitsprojekte, Schulaufgaben oder private Organisation.<\/p>\n","protected":false},"excerpt":{"rendered":"<p>Das beste Office f\u00fcr Mac. Aller Zeiten. Office f\u00fcr Mac z\u00e4hlt seit Jahren zu den produktivsten und vielseitigsten Software-Suiten \u00fcberhaupt. Mit Microsoft Office 2016 Home and Student f\u00fcr Mac liefert&hellip;<\/p>\n","protected":false},"featured_media":8372,"comment_status":"open","ping_status":"closed","template":"","meta":[],"product_brand":[],"product_cat":[513,522,509],"product_tag":[878,920,534,892,535,902,873,903,536,896],"class_list":{"0":"post-15454","1":"product","2":"type-product","3":"status-publish","4":"has-post-thumbnail","6":"product_cat-microsoft-office","7":"product_cat-office-2016-office-for-mac-de","8":"product_cat-office-pakete-fuer-mac","9":"product_tag-878","10":"product_tag-and","11":"product_tag-download-de","12":"product_tag-instant","13":"product_tag-lizenz","14":"product_tag-mac","15":"product_tag-microsoft","16":"product_tag-office","17":"product_tag-produkt-key","18":"product_tag-startseite","20":"first","21":"instock","22":"downloadable","23":"virtual","24":"purchasable","25":"product-type-simple"},"jetpack_sharing_enabled":true,"_links":{"self":[{"href":"https:\/\/digitmonitor.com\/de\/wp-json\/wp\/v2\/product\/15454","targetHints":{"allow":["GET"]}}],"collection":[{"href":"https:\/\/digitmonitor.com\/de\/wp-json\/wp\/v2\/product"}],"about":[{"href":"https:\/\/digitmonitor.com\/de\/wp-json\/wp\/v2\/types\/product"}],"replies":[{"embeddable":true,"href":"https:\/\/digitmonitor.com\/de\/wp-json\/wp\/v2\/comments?post=15454"}],"wp:featuredmedia":[{"embeddable":true,"href":"https:\/\/digitmonitor.com\/de\/wp-json\/wp\/v2\/media\/8372"}],"wp:attachment":[{"href":"https:\/\/digitmonitor.com\/de\/wp-json\/wp\/v2\/media?parent=15454"}],"wp:term":[{"taxonomy":"product_brand","embeddable":true,"href":"https:\/\/digitmonitor.com\/de\/wp-json\/wp\/v2\/product_brand?post=15454"},{"taxonomy":"product_cat","embeddable":true,"href":"https:\/\/digitmonitor.com\/de\/wp-json\/wp\/v2\/product_cat?post=15454"},{"taxonomy":"product_tag","embeddable":true,"href":"https:\/\/digitmonitor.com\/de\/wp-json\/wp\/v2\/product_tag?post=15454"}],"curies":[{"name":"wp","href":"https:\/\/api.w.org\/{rel}","templated":true}]}}