{"id":15652,"date":"2026-04-21T19:14:45","date_gmt":"2026-04-21T19:14:45","guid":{"rendered":"https:\/\/digitmonitor.com\/product\/microsoft-access-2021\/"},"modified":"2026-04-21T19:14:45","modified_gmt":"2026-04-21T19:14:45","slug":"microsoft-access-2021","status":"publish","type":"product","link":"https:\/\/digitmonitor.com\/de\/produkt\/microsoft-access-2021\/","title":{"rendered":"Microsoft Access 2021"},"content":{"rendered":"<p>Microsoft Access 2021 ist die leistungsstarke Datenbankl\u00f6sung, die sich ideal f\u00fcr Unternehmen, Entwickler und datenaffine Anwender eignet, die komplexe Datenbankanwendungen schnell und effizient erstellen m\u00f6chten. Mit Access 2021 lassen sich benutzerdefinierte Datenbanken, professionelle Berichte und Datenanalysewerkzeuge einfach umsetzen \u2013 perfekt f\u00fcr das Management von Gesch\u00e4ftsdaten und zur Optimierung von Betriebsabl\u00e4ufen.<\/p>\n<p>Diese Software unterst\u00fctzt Sie dabei, Daten professionell zu speichern, zu verwalten und zu analysieren. Dank der verbesserten Benutzeroberfl\u00e4che und neuen Funktionen zur Automatisierung steigern Sie Ihre Produktivit\u00e4t und k\u00f6nnen zeitaufw\u00e4ndige Modelle automatisiert steuern. Access 2021 ist damit das passende Tool f\u00fcr alle, die stabile und flexible L\u00f6sungen zur Datenverwaltung suchen.<\/p>\n<p>Typische Anwendungsbereiche umfassen die Erstellung von Kundenverwaltungs-, Inventar- oder Finanzdatenbanken ebenso wie ma\u00dfgeschneiderte L\u00f6sung f\u00fcr individuelle Gesch\u00e4ftsanwendungen. Ob f\u00fcr kleine Unternehmen, Bildungseinrichtungen oder Entwickler, die Access 2021 Version bietet alle notwendigen Werkzeuge, um Datenbanken professionell zu entwickeln und zu betreiben.<\/p>\n<p>Beim Kauf von Microsoft Access 2021 erhalten Sie eine digitale Lizenz inklusive Aktivierungscode sowie einen Lizenzschl\u00fcssel f\u00fcr die Installation \u2013 der Produktschl\u00fcssel wird Ihnen unverz\u00fcglich nach dem Online-Kauf per Versand per E-Mail zugestellt. Der Download der authentischen Software erfolgt sofort, sodass Sie nach der Aktivierung die Software ohne Verz\u00f6gerung nutzen k\u00f6nnen. Unsere sichere Zahlung garantiert Ihnen einen zuverl\u00e4ssigen Online-Kauf mit Rechnung und gr\u00f6\u00dftm\u00f6glicher Sicherheit.<\/p>\n<p>Die Software ist kompatibel mit Windows 10 und h\u00f6her, ben\u00f6tigt einen 1,6 GHz oder schnelleren Prozessor, mindestens 4 GB RAM und 4 GB freien Speicherplatz. Diese Anforderungen sorgen f\u00fcr eine stabile und reibungslose Installation und Nutzung des Access 2021 Programms auf den meisten aktuellen PCs und Laptops.<\/p>\n<p>Die Lizenzierung erfolgt f\u00fcr einen einzelnen Nutzer auf einem Ger\u00e4t. Die Aktivierung erfolgt \u00fcber den mitgelieferten Aktivierungscode, sodass Sie Microsoft Access 2021 schnell und unkompliziert sofort aktivieren k\u00f6nnen. Es handelt sich um eine offizielle Lizenz, die Ihnen den Zugang zu regelm\u00e4\u00dfigen Updates und technischem Support erm\u00f6glicht. Profitieren Sie jetzt von unserem aktuellen Angebot und sichern Sie sich den besten Preis f\u00fcr diese Original Lizenz.<\/p>\n","protected":false},"excerpt":{"rendered":"<p>Microsoft Access 2021 ist die leistungsstarke Datenbankl\u00f6sung, die sich ideal f\u00fcr Unternehmen, Entwickler und datenaffine Anwender eignet, die komplexe Datenbankanwendungen schnell und effizient erstellen m\u00f6chten. Mit Access 2021 lassen sich&hellip;<\/p>\n","protected":false},"featured_media":15643,"comment_status":"open","ping_status":"closed","template":"","meta":[],"product_brand":[],"product_cat":[940,513],"product_tag":[901,941,945,540,539,535,873,942,903,581,536],"class_list":{"0":"post-15652","1":"product","2":"type-product","3":"status-publish","4":"has-post-thumbnail","6":"product_cat-microsoft-access","7":"product_cat-microsoft-office","8":"product_tag-901","9":"product_tag-access","10":"product_tag-access-2021","11":"product_tag-aktivierung","12":"product_tag-kaufen","13":"product_tag-lizenz","14":"product_tag-microsoft","15":"product_tag-microsoft-access","16":"product_tag-office","17":"product_tag-preis","18":"product_tag-produkt-key","20":"first","21":"instock","22":"downloadable","23":"virtual","24":"purchasable","25":"product-type-simple"},"jetpack_sharing_enabled":true,"_links":{"self":[{"href":"https:\/\/digitmonitor.com\/de\/wp-json\/wp\/v2\/product\/15652","targetHints":{"allow":["GET"]}}],"collection":[{"href":"https:\/\/digitmonitor.com\/de\/wp-json\/wp\/v2\/product"}],"about":[{"href":"https:\/\/digitmonitor.com\/de\/wp-json\/wp\/v2\/types\/product"}],"replies":[{"embeddable":true,"href":"https:\/\/digitmonitor.com\/de\/wp-json\/wp\/v2\/comments?post=15652"}],"wp:featuredmedia":[{"embeddable":true,"href":"https:\/\/digitmonitor.com\/de\/wp-json\/wp\/v2\/media\/15643"}],"wp:attachment":[{"href":"https:\/\/digitmonitor.com\/de\/wp-json\/wp\/v2\/media?parent=15652"}],"wp:term":[{"taxonomy":"product_brand","embeddable":true,"href":"https:\/\/digitmonitor.com\/de\/wp-json\/wp\/v2\/product_brand?post=15652"},{"taxonomy":"product_cat","embeddable":true,"href":"https:\/\/digitmonitor.com\/de\/wp-json\/wp\/v2\/product_cat?post=15652"},{"taxonomy":"product_tag","embeddable":true,"href":"https:\/\/digitmonitor.com\/de\/wp-json\/wp\/v2\/product_tag?post=15652"}],"curies":[{"name":"wp","href":"https:\/\/api.w.org\/{rel}","templated":true}]}}