{"id":15130,"date":"2026-04-11T14:48:44","date_gmt":"2026-04-11T14:48:44","guid":{"rendered":"https:\/\/digitmonitor.com\/product\/microsoft-project-standard-2019\/"},"modified":"2026-04-14T19:57:42","modified_gmt":"2026-04-14T19:57:42","slug":"microsoft-project-standard-2019","status":"publish","type":"product","link":"https:\/\/digitmonitor.com\/es\/producto\/microsoft-project-standard-2019\/","title":{"rendered":"Microsoft Project Standard 2019"},"content":{"rendered":"<p>Resumen<br \/>\nMicrosoft Project Standard 2019 es un software de gesti\u00f3n de proyectos potente y f\u00e1cil de usar, desarrollado para ayudarle a planificar, supervisar y completar proyectos con \u00e9xito. Esta edici\u00f3n est\u00e1 dirigida tanto a usuarios individuales como a peque\u00f1as y medianas empresas que necesitan una soluci\u00f3n fiable para la gesti\u00f3n de tareas, planificaci\u00f3n de recursos y seguimiento de plazos, sin depender de funciones empresariales complejas. Con una interfaz familiar de Office y herramientas optimizadas, Project Standard 2019 simplifica la organizaci\u00f3n y gesti\u00f3n de proyectos de cualquier tama\u00f1o.<\/p>\n<p>Planificaci\u00f3n intuitiva y gesti\u00f3n de tareas<br \/>\nProject Standard 2019 ofrece una vista clara de diagramas de Gantt, funcionalidad de arrastrar y soltar y herramientas de planificaci\u00f3n mejoradas para crear tareas, dependencias e hitos de forma r\u00e1pida y precisa. La vista de l\u00ednea de tiempo (Timeline) facilita la comunicaci\u00f3n de los planes del proyecto en reuniones o presentaciones. Con funciones de planificaci\u00f3n autom\u00e1tica y herramientas inteligentes, siempre tendr\u00e1 el control del progreso.<\/p>\n<p>Gesti\u00f3n de recursos<br \/>\nLa gesti\u00f3n de recursos le permite planificar y supervisar eficazmente personal, materiales y costes. Puede equilibrar la carga de trabajo, evitar cuellos de botella y aumentar la productividad del equipo. Estas funciones ayudan a completar los proyectos a tiempo y dentro del presupuesto.<\/p>\n<p>Transparencia de costes y control del presupuesto<br \/>\nCon Project Standard 2019 puede controlar la evoluci\u00f3n de los costes de su proyecto. Gracias al seguimiento preciso de gastos y presupuestos, es posible minimizar riesgos financieros. Los informes y an\u00e1lisis en tiempo real facilitan la toma de decisiones fundamentadas y garantizan la eficiencia econ\u00f3mica del proyecto.<\/p>\n<p>Informes y visualizaci\u00f3n<br \/>\nCree de forma r\u00e1pida y sencilla informes profesionales y paneles de control para visualizar el estado del proyecto, el uso de recursos o los presupuestos. Las plantillas de informes predefinidas y la integraci\u00f3n con Excel facilitan el an\u00e1lisis y la distribuci\u00f3n de datos importantes. As\u00ed se asegura de que todas las partes interesadas est\u00e9n siempre informadas.<\/p>\n<p>Integraci\u00f3n y compatibilidad<br \/>\nProject Standard 2019 se integra perfectamente con otras aplicaciones de Microsoft Office como Word, Excel y PowerPoint. Esta compatibilidad facilita la exportaci\u00f3n de datos, el intercambio de informaci\u00f3n y la creaci\u00f3n de presentaciones profesionales. Gracias a la interfaz familiar, el aprendizaje es r\u00e1pido y sencillo.<\/p>\n<p>Rendimiento y productividad<br \/>\nCon herramientas optimizadas para la vinculaci\u00f3n de tareas, funciones de planificaci\u00f3n autom\u00e1tica y opciones de navegaci\u00f3n mejoradas, Project Standard 2019 ayuda a completar proyectos de manera eficiente y puntual. La interfaz renovada hace que el trabajo sea m\u00e1s claro y aumenta la productividad.<\/p>\n<p>\u00c1mbitos de uso<br \/>\nMicrosoft Project Standard 2019 es ideal para diversos escenarios:<\/p>\n<p>Proyectos empresariales: planificaci\u00f3n detallada de plazos, recursos y presupuestos.<br \/>\nPeque\u00f1as empresas: gesti\u00f3n de proyectos de clientes o iniciativas internas.<br \/>\nAut\u00f3nomos: organizaci\u00f3n de proyectos con cronogramas y objetivos claros.<br \/>\nInstituciones educativas: planificaci\u00f3n de eventos, cursos o proyectos de investigaci\u00f3n.<\/p>\n<p>Requisitos del sistema<br \/>\nPara instalar Microsoft Project Standard 2019 se requiere Windows 10 (32 o 64 bits). Se recomienda un procesador de doble n\u00facleo de 1,6 GHz o superior, al menos 4 GB de RAM (2 GB para sistemas de 32 bits) y un m\u00ednimo de 4 GB de espacio libre en disco. Se necesita una tarjeta gr\u00e1fica compatible con DirectX 10 para la aceleraci\u00f3n por hardware. Es necesaria una conexi\u00f3n a Internet para la activaci\u00f3n y las actualizaciones.<\/p>\n<p>Activaci\u00f3n sencilla<br \/>\nAl comprar Microsoft Project Standard 2019 en Omega Keys, recibir\u00e1 una licencia oficial, los archivos de instalaci\u00f3n y una gu\u00eda detallada. La activaci\u00f3n es sencilla y le permite acceder inmediatamente a todas las funciones. Durante el periodo de la licencia, se beneficiar\u00e1 de actualizaciones importantes y mejoras de estabilidad.<\/p>\n<p>\u00bfPor qu\u00e9 Project Standard 2019?<br \/>\nProject Standard 2019 combina herramientas profesionales de gesti\u00f3n de proyectos con una interfaz f\u00e1cil de usar y una integraci\u00f3n fluida en el ecosistema de Microsoft. Es la opci\u00f3n perfecta para quienes desean planificar y gestionar proyectos de manera eficaz sin recurrir a soluciones empresariales complejas.<\/p>\n<p>Compre ahora y benef\u00edciese<br \/>\nSolicite Microsoft Project Standard 2019 hoy mismo en digitmonitor. Descargue el software al instante, act\u00edvelo de forma segura y aproveche una soluci\u00f3n de gesti\u00f3n de proyectos probada que respalda de manera fiable sus proyectos, recursos y presupuestos.<\/p>\n","protected":false},"excerpt":{"rendered":"<p>Resumen Microsoft Project Standard 2019 es un software de gesti\u00f3n de proyectos potente y f\u00e1cil de usar, desarrollado para ayudarle a planificar, supervisar y completar proyectos con \u00e9xito. Esta edici\u00f3n&hellip;<\/p>\n","protected":false},"featured_media":15097,"comment_status":"open","ping_status":"closed","template":"","meta":[],"product_brand":[],"product_cat":[849,843],"product_tag":[],"class_list":{"0":"post-15130","1":"product","2":"type-product","3":"status-publish","4":"has-post-thumbnail","6":"product_cat-microsoft-office","7":"product_cat-microsoft-project","9":"first","10":"instock","11":"downloadable","12":"virtual","13":"purchasable","14":"product-type-simple"},"jetpack_sharing_enabled":true,"_links":{"self":[{"href":"https:\/\/digitmonitor.com\/es\/wp-json\/wp\/v2\/product\/15130","targetHints":{"allow":["GET"]}}],"collection":[{"href":"https:\/\/digitmonitor.com\/es\/wp-json\/wp\/v2\/product"}],"about":[{"href":"https:\/\/digitmonitor.com\/es\/wp-json\/wp\/v2\/types\/product"}],"replies":[{"embeddable":true,"href":"https:\/\/digitmonitor.com\/es\/wp-json\/wp\/v2\/comments?post=15130"}],"wp:featuredmedia":[{"embeddable":true,"href":"https:\/\/digitmonitor.com\/es\/wp-json\/wp\/v2\/media\/15097"}],"wp:attachment":[{"href":"https:\/\/digitmonitor.com\/es\/wp-json\/wp\/v2\/media?parent=15130"}],"wp:term":[{"taxonomy":"product_brand","embeddable":true,"href":"https:\/\/digitmonitor.com\/es\/wp-json\/wp\/v2\/product_brand?post=15130"},{"taxonomy":"product_cat","embeddable":true,"href":"https:\/\/digitmonitor.com\/es\/wp-json\/wp\/v2\/product_cat?post=15130"},{"taxonomy":"product_tag","embeddable":true,"href":"https:\/\/digitmonitor.com\/es\/wp-json\/wp\/v2\/product_tag?post=15130"}],"curies":[{"name":"wp","href":"https:\/\/api.w.org\/{rel}","templated":true}]}}