{"id":15131,"date":"2026-04-11T14:48:44","date_gmt":"2026-04-11T14:48:44","guid":{"rendered":"https:\/\/digitmonitor.com\/product\/microsoft-project-standard-2021\/"},"modified":"2026-04-14T19:57:58","modified_gmt":"2026-04-14T19:57:58","slug":"microsoft-project-standard-2021","status":"publish","type":"product","link":"https:\/\/digitmonitor.com\/es\/producto\/microsoft-project-standard-2021\/","title":{"rendered":"Microsoft Project Standard 2021"},"content":{"rendered":"<p>Resumen<br \/>\nMicrosoft Project Standard 2021 es la \u00faltima versi\u00f3n del reconocido software de gesti\u00f3n de proyectos de Microsoft, desarrollado para usuarios individuales y peque\u00f1as y medianas empresas que desean planificar, controlar y supervisar sus proyectos de manera eficiente. Esta edici\u00f3n ofrece todas las funciones esenciales para la planificaci\u00f3n de tareas, gesti\u00f3n de recursos y control de plazos en una interfaz f\u00e1cil de usar. Con Project Standard 2021, puede organizar proyectos de forma estructurada, seguir el progreso y apoyar de manera \u00f3ptima a su equipo.<\/p>\n<p>Planificaci\u00f3n intuitiva y gesti\u00f3n de tareas<br \/>\nProject Standard 2021 le permite crear r\u00e1pidamente tareas, dependencias e hitos mediante diagramas de Gantt, funcionalidad de arrastrar y soltar y herramientas de planificaci\u00f3n autom\u00e1tica. La vista de l\u00ednea de tiempo (Timeline) optimizada facilita la comunicaci\u00f3n de planes y avances en reuniones o presentaciones. Las funciones autom\u00e1ticas ayudan a cumplir plazos y aprovechar al m\u00e1ximo los recursos.<\/p>\n<p>Gesti\u00f3n de recursos<br \/>\nCon las funciones de gesti\u00f3n de recursos de Project Standard 2021, puede planificar y supervisar eficazmente personal, materiales y costes. El software detecta sobrecargas y cuellos de botella, ayud\u00e1ndole a equilibrar recursos y evitar retrasos. Esto facilita el cumplimiento de presupuestos y plazos, mejorando la productividad del equipo.<\/p>\n<p>Transparencia de costes y control del presupuesto<br \/>\nLas funciones de presupuestaci\u00f3n integradas permiten un seguimiento preciso de los costes del proyecto. Con informes en tiempo real y herramientas de an\u00e1lisis, puede controlar la evoluci\u00f3n financiera y reducir riesgos. Esta transparencia garantiza una gesti\u00f3n eficiente y orientada a objetivos.<\/p>\n<p>Informes y visualizaci\u00f3n<br \/>\nCon Project Standard 2021 puede crear informes y paneles profesionales para visualizar el estado del proyecto, el uso de recursos y la informaci\u00f3n presupuestaria. Las plantillas predefinidas simplifican el an\u00e1lisis y la comunicaci\u00f3n con las partes interesadas. Gracias a la integraci\u00f3n con Excel, los datos pueden exportarse y procesarse f\u00e1cilmente.<\/p>\n<p>Integraci\u00f3n y compatibilidad<br \/>\nProject Standard 2021 se integra perfectamente con otras aplicaciones de Microsoft Office como Word, Excel y PowerPoint. Esto facilita la creaci\u00f3n de presentaciones, el intercambio de datos y el an\u00e1lisis de proyectos. La interfaz familiar permite una r\u00e1pida adaptaci\u00f3n y uso eficiente desde el primer momento.<\/p>\n<p>Rendimiento y productividad<br \/>\nLa interfaz optimizada, la mejora en la vinculaci\u00f3n de tareas y las funciones autom\u00e1ticas de planificaci\u00f3n ayudan a gestionar proyectos de forma eficiente. Con herramientas inteligentes y una navegaci\u00f3n clara, podr\u00e1 controlar todos los aspectos del proyecto y aumentar la productividad.<\/p>\n<p>\u00c1mbitos de uso<br \/>\nMicrosoft Project Standard 2021 es adecuado para numerosos escenarios:<\/p>\n<p>Proyectos empresariales: planificaci\u00f3n detallada de plazos y control de recursos.<br \/>\nPeque\u00f1as empresas: gesti\u00f3n de proyectos de clientes o iniciativas internas.<br \/>\nAut\u00f3nomos: organizaci\u00f3n de proyectos con cronogramas y prioridades claras.<br \/>\nInstituciones educativas: planificaci\u00f3n de eventos, cursos o proyectos de investigaci\u00f3n.<\/p>\n<p>Requisitos del sistema<br \/>\nPara instalar Microsoft Project Standard 2021 se requiere Windows 10 o Windows 11 (32 o 64 bits). Se recomienda un procesador de doble n\u00facleo de 1,6 GHz o superior, al menos 4 GB de RAM (2 GB para sistemas de 32 bits) y un m\u00ednimo de 4 GB de espacio libre en disco. Se necesita una tarjeta gr\u00e1fica compatible con DirectX 10 para la aceleraci\u00f3n por hardware. Se requiere conexi\u00f3n a Internet para la activaci\u00f3n y las actualizaciones.<\/p>\n<p>Activaci\u00f3n sencilla<br \/>\nAl comprar Microsoft Project Standard 2021 en Omega Keys, recibir\u00e1 una licencia oficial, los archivos de instalaci\u00f3n y una gu\u00eda detallada. La activaci\u00f3n es sencilla y le permite acceder inmediatamente a todas las funciones. Durante el periodo de la licencia, se beneficiar\u00e1 de actualizaciones importantes y mejoras de estabilidad.<\/p>\n<p>\u00bfPor qu\u00e9 Project Standard 2021?<br \/>\nProject Standard 2021 ofrece todas las herramientas esenciales para una gesti\u00f3n eficaz de proyectos sin complejidad innecesaria. Combina facilidad de uso, eficiencia de costes y funciones probadas, siendo ideal para usuarios que desean gestionar proyectos de forma profesional y organizada.<\/p>\n<p>Compre ahora y benef\u00edciese<br \/>\nSolicite Microsoft Project Standard 2021 hoy mismo en digitmonitor. Descargue el software al instante, act\u00edvelo de forma segura y aproveche una soluci\u00f3n de gesti\u00f3n de proyectos fiable que respalda eficazmente sus proyectos, recursos y presupuestos.<\/p>\n","protected":false},"excerpt":{"rendered":"<p>Resumen Microsoft Project Standard 2021 es la \u00faltima versi\u00f3n del reconocido software de gesti\u00f3n de proyectos de Microsoft, desarrollado para usuarios individuales y peque\u00f1as y medianas empresas que desean planificar,&hellip;<\/p>\n","protected":false},"featured_media":15100,"comment_status":"open","ping_status":"closed","template":"","meta":[],"product_brand":[],"product_cat":[849,843],"product_tag":[],"class_list":{"0":"post-15131","1":"product","2":"type-product","3":"status-publish","4":"has-post-thumbnail","6":"product_cat-microsoft-office","7":"product_cat-microsoft-project","9":"first","10":"instock","11":"downloadable","12":"virtual","13":"purchasable","14":"product-type-simple"},"jetpack_sharing_enabled":true,"_links":{"self":[{"href":"https:\/\/digitmonitor.com\/es\/wp-json\/wp\/v2\/product\/15131","targetHints":{"allow":["GET"]}}],"collection":[{"href":"https:\/\/digitmonitor.com\/es\/wp-json\/wp\/v2\/product"}],"about":[{"href":"https:\/\/digitmonitor.com\/es\/wp-json\/wp\/v2\/types\/product"}],"replies":[{"embeddable":true,"href":"https:\/\/digitmonitor.com\/es\/wp-json\/wp\/v2\/comments?post=15131"}],"wp:featuredmedia":[{"embeddable":true,"href":"https:\/\/digitmonitor.com\/es\/wp-json\/wp\/v2\/media\/15100"}],"wp:attachment":[{"href":"https:\/\/digitmonitor.com\/es\/wp-json\/wp\/v2\/media?parent=15131"}],"wp:term":[{"taxonomy":"product_brand","embeddable":true,"href":"https:\/\/digitmonitor.com\/es\/wp-json\/wp\/v2\/product_brand?post=15131"},{"taxonomy":"product_cat","embeddable":true,"href":"https:\/\/digitmonitor.com\/es\/wp-json\/wp\/v2\/product_cat?post=15131"},{"taxonomy":"product_tag","embeddable":true,"href":"https:\/\/digitmonitor.com\/es\/wp-json\/wp\/v2\/product_tag?post=15131"}],"curies":[{"name":"wp","href":"https:\/\/api.w.org\/{rel}","templated":true}]}}