{"id":15351,"date":"2026-04-01T21:42:40","date_gmt":"2026-04-01T21:42:40","guid":{"rendered":"https:\/\/digitmonitor.com\/product\/autodesk-autocad-mep-2027-para-windows\/"},"modified":"2026-04-15T00:01:47","modified_gmt":"2026-04-15T00:01:47","slug":"autodesk-autocad-mep-2027-para-windows","status":"publish","type":"product","link":"https:\/\/digitmonitor.com\/es\/producto\/autodesk-autocad-mep-2027-para-windows\/","title":{"rendered":"Autodesk AutoCAD MEP 2027 Para Windows"},"content":{"rendered":"<p>Esta versi\u00f3n de Autodesk es una edici\u00f3n educativa destinada al uso personal y acad\u00e9mico. Incluye todas las funciones de la versi\u00f3n completa, no muestra marcas de agua y no presenta indicaciones de licencia educativa en los archivos impresos.<\/p>\n<p>Autodesk AutoCAD MEP 2027 para Windows es una potente soluci\u00f3n de software dise\u00f1ada espec\u00edficamente para profesionales de mec\u00e1nica, electricidad y fontaner\u00eda (MEP) que requieren precisi\u00f3n y eficiencia en sus flujos de trabajo CAD. Ya sea ingeniero, arquitecto o contratista, este programa le permite crear dise\u00f1os detallados y precisos de sistemas de edificios con facilidad. El software integra herramientas espec\u00edficas del sector y funciones inteligentes que optimizan los procesos de dise\u00f1o, dibujo y documentaci\u00f3n, ahorrando tiempo y reduciendo errores.<\/p>\n<p>Con AutoCAD MEP 2027, puede aprovechar el modelado 3D avanzado, flujos de trabajo automatizados y amplias bibliotecas de componentes MEP para producir modelos y planos altamente precisos. Esta versi\u00f3n permite una colaboraci\u00f3n fluida con otros productos de Autodesk, lo que la hace ideal para equipos multidisciplinares. Entre sus principales usos se incluyen el dise\u00f1o de sistemas HVAC, esquemas el\u00e9ctricos, instalaciones de fontaner\u00eda y an\u00e1lisis energ\u00e9tico, permitiendo a los profesionales ofrecer resultados de alta calidad en proyectos residenciales, comerciales e industriales.<\/p>\n<p>Con su compra recibir\u00e1 un enlace de descarga inmediata enviado por correo electr\u00f3nico, junto con una clave de licencia original y un c\u00f3digo de activaci\u00f3n. El paquete incluye instrucciones claras de descarga, lo que le permite instalar el software y activarlo al instante en su dispositivo Windows. El proceso de compra es sencillo, seguro y ofrece una excelente relaci\u00f3n calidad-precio, con posibles descuentos u ofertas especiales. Tambi\u00e9n recibir\u00e1 una factura digital para sus registros.<\/p>\n<p>Esta versi\u00f3n de Autodesk AutoCAD MEP 2027 es compatible con Windows 10 y versiones posteriores, y requiere un procesador multin\u00facleo moderno, al menos 8 GB de RAM y 10 GB de espacio libre en disco. Estos requisitos garantizan una instalaci\u00f3n fluida y un rendimiento estable para usos habituales, incluso en proyectos MEP complejos.<\/p>\n<p>La licencia y activaci\u00f3n son sencillas: este producto incluye una licencia digital individual v\u00e1lida para su instalaci\u00f3n en un solo equipo. Tras la compra y descarga, recibir\u00e1 una clave de producto y un c\u00f3digo de activaci\u00f3n para completar la instalaci\u00f3n y activar su licencia de forma inmediata. Esta licencia oficial garantiza el uso completo y autorizado del software, permiti\u00e9ndole aprovechar todas sus funciones. Comprar a trav\u00e9s de esta plataforma asegura un pago seguro, software aut\u00e9ntico y entrega instant\u00e1nea para una experiencia de compra sin complicaciones.<\/p>\n","protected":false},"excerpt":{"rendered":"<div style=\"display: flex; align-items: center; width: 100%; padding-top: 8px; padding-bottom: 8px;\"><img decoding=\"async\" src=\"https:\/\/digitmonitor.com\/wp-content\/uploads\/2025\/08\/language-black.png\" width=\"20\" style=\"margin-right: 7px;\"><\/p>\n<p style=\"margin: 0; vertical-align: middle; font-size: .875rem;\">This software is fully available in English<\/p>\n<\/div>\n","protected":false},"featured_media":14710,"comment_status":"open","ping_status":"closed","template":"","meta":[],"product_brand":[],"product_cat":[752,751,778],"product_tag":[898,760,758,757,756,763,759,765,754,755,779,766,764,767],"class_list":{"0":"post-15351","1":"product","2":"type-product","3":"status-publish","4":"has-post-thumbnail","6":"product_cat-autocad-es","7":"product_cat-autodesk-es","8":"product_cat-mep","9":"product_tag-898","10":"product_tag-activacion","11":"product_tag-autocad-es","12":"product_tag-autodesk-es","13":"product_tag-clave","14":"product_tag-compra","15":"product_tag-comprar","16":"product_tag-costo","17":"product_tag-descargar","18":"product_tag-licencia","19":"product_tag-mep","20":"product_tag-precio","21":"product_tag-shopping_ads-es","22":"product_tag-windows-es","24":"first","25":"instock","26":"downloadable","27":"virtual","28":"purchasable","29":"product-type-simple"},"jetpack_sharing_enabled":true,"_links":{"self":[{"href":"https:\/\/digitmonitor.com\/es\/wp-json\/wp\/v2\/product\/15351","targetHints":{"allow":["GET"]}}],"collection":[{"href":"https:\/\/digitmonitor.com\/es\/wp-json\/wp\/v2\/product"}],"about":[{"href":"https:\/\/digitmonitor.com\/es\/wp-json\/wp\/v2\/types\/product"}],"replies":[{"embeddable":true,"href":"https:\/\/digitmonitor.com\/es\/wp-json\/wp\/v2\/comments?post=15351"}],"wp:featuredmedia":[{"embeddable":true,"href":"https:\/\/digitmonitor.com\/es\/wp-json\/wp\/v2\/media\/14710"}],"wp:attachment":[{"href":"https:\/\/digitmonitor.com\/es\/wp-json\/wp\/v2\/media?parent=15351"}],"wp:term":[{"taxonomy":"product_brand","embeddable":true,"href":"https:\/\/digitmonitor.com\/es\/wp-json\/wp\/v2\/product_brand?post=15351"},{"taxonomy":"product_cat","embeddable":true,"href":"https:\/\/digitmonitor.com\/es\/wp-json\/wp\/v2\/product_cat?post=15351"},{"taxonomy":"product_tag","embeddable":true,"href":"https:\/\/digitmonitor.com\/es\/wp-json\/wp\/v2\/product_tag?post=15351"}],"curies":[{"name":"wp","href":"https:\/\/api.w.org\/{rel}","templated":true}]}}