{"id":15364,"date":"2026-04-01T21:42:41","date_gmt":"2026-04-01T21:42:41","guid":{"rendered":"https:\/\/digitmonitor.com\/product\/autodesk-inventor-cam-2027-para-windows\/"},"modified":"2026-04-01T21:42:41","modified_gmt":"2026-04-01T21:42:41","slug":"autodesk-inventor-cam-2027-para-windows","status":"publish","type":"product","link":"https:\/\/digitmonitor.com\/es\/producto\/autodesk-inventor-cam-2027-para-windows\/","title":{"rendered":"Autodesk Inventor CAM 2027 Para Windows"},"content":{"rendered":"<p>Esta versi\u00f3n de Autodesk es una edici\u00f3n educativa destinada al uso personal y acad\u00e9mico. Incluye todas las funciones de la versi\u00f3n completa, no muestra marcas de agua y no presenta indicaciones de licencia educativa en los archivos impresos.<\/p>\n<p>Autodesk Inventor CAM 2027 para Windows es un potente software de fabricaci\u00f3n asistida por ordenador dise\u00f1ado para optimizar el flujo de trabajo desde el dise\u00f1o hasta la producci\u00f3n. Ideal para ingenieros, maquinistas y profesionales de la fabricaci\u00f3n, este software se integra perfectamente con Autodesk Inventor para ofrecer capacidades avanzadas de programaci\u00f3n CNC. Gracias a sus completas trayectorias de herramientas y funciones de simulaci\u00f3n, permite optimizar los procesos de mecanizado y reducir los tiempos de producci\u00f3n, siendo una opci\u00f3n perfecta para la fabricaci\u00f3n de precisi\u00f3n y el prototipado.<\/p>\n<p>Dise\u00f1ado pensando en la facilidad de uso y el rendimiento, Autodesk Inventor CAM 2027 ofrece automatizaci\u00f3n mejorada, configuraci\u00f3n sencilla y generaci\u00f3n inteligente de trayectorias de herramientas. Los usuarios se benefician de la verificaci\u00f3n en tiempo real, detecci\u00f3n de colisiones y adaptaci\u00f3n din\u00e1mica, lo que garantiza precisi\u00f3n y eficiencia durante el proceso de fabricaci\u00f3n. Tanto para piezas complejas como para componentes sencillos, este software admite una amplia variedad de t\u00e9cnicas de producci\u00f3n, permitiendo obtener resultados profesionales con el m\u00ednimo esfuerzo.<\/p>\n<p>Al adquirir Autodesk Inventor CAM 2027 en nuestra tienda, recibir\u00e1 una licencia digital original junto con un env\u00edo seguro por correo electr\u00f3nico que incluye la clave de producto y las instrucciones detalladas de descarga. Esta entrega instant\u00e1nea le permite instalar y activar el software de inmediato. Tras la compra, tambi\u00e9n recibir\u00e1 una factura que certifica su pedido y confirma su licencia oficial, asegurando una compra en l\u00ednea segura y transparente.<\/p>\n<p>Esta versi\u00f3n es compatible con Windows 10 o sistemas operativos m\u00e1s recientes, funcionando de forma \u00f3ptima en equipos con al menos un procesador de cuatro n\u00facleos, 8 GB de RAM y 20 GB de espacio libre en disco. Para garantizar una instalaci\u00f3n y funcionamiento adecuados, se recomienda disponer de una conexi\u00f3n a internet estable para la activaci\u00f3n y descarga de los archivos necesarios.<\/p>\n<p>La licencia de Autodesk Inventor CAM 2027 es de usuario \u00fanico y v\u00e1lida para un solo dispositivo. El c\u00f3digo de activaci\u00f3n incluido permite activar el software de forma inmediata tras la instalaci\u00f3n. Esta clave garantiza el acceso a un software aut\u00e9ntico y debidamente autorizado, asegurando la protecci\u00f3n de su inversi\u00f3n. Compre hoy mismo para aprovechar nuestra mejor oferta de precio y disfrute de un proceso de instalaci\u00f3n y activaci\u00f3n r\u00e1pido con una licencia original garantizada.<\/p>\n","protected":false},"excerpt":{"rendered":"<div style=\"display: flex; align-items: center; width: 100%; padding-top: 8px; padding-bottom: 8px;\">\n<p><img decoding=\"async\" style=\"margin-right: 7px;\" src=\"https:\/\/digitmonitor.com\/wp-content\/uploads\/2025\/08\/language-black.png\" width=\"20\" \/><\/p>\n<p style=\"margin: 0; vertical-align: middle; font-size: .875rem;\">Este software est\u00e1 completamente disponible en ingl\u00e9s.<\/p>\n<\/div>\n","protected":false},"featured_media":14719,"comment_status":"open","ping_status":"closed","template":"","meta":[],"product_brand":[],"product_cat":[751,799],"product_tag":[898,760,757,802,756,763,759,765,754,800,755,766,764,767],"class_list":{"0":"post-15364","1":"product","2":"type-product","3":"status-publish","4":"has-post-thumbnail","6":"product_cat-autodesk-es","7":"product_cat-inventor","8":"product_tag-898","9":"product_tag-activacion","10":"product_tag-autodesk-es","11":"product_tag-cam","12":"product_tag-clave","13":"product_tag-compra","14":"product_tag-comprar","15":"product_tag-costo","16":"product_tag-descargar","17":"product_tag-inventor","18":"product_tag-licencia","19":"product_tag-precio","20":"product_tag-shopping_ads-es","21":"product_tag-windows-es","23":"first","24":"instock","25":"downloadable","26":"virtual","27":"purchasable","28":"product-type-simple"},"jetpack_sharing_enabled":true,"_links":{"self":[{"href":"https:\/\/digitmonitor.com\/es\/wp-json\/wp\/v2\/product\/15364","targetHints":{"allow":["GET"]}}],"collection":[{"href":"https:\/\/digitmonitor.com\/es\/wp-json\/wp\/v2\/product"}],"about":[{"href":"https:\/\/digitmonitor.com\/es\/wp-json\/wp\/v2\/types\/product"}],"replies":[{"embeddable":true,"href":"https:\/\/digitmonitor.com\/es\/wp-json\/wp\/v2\/comments?post=15364"}],"wp:featuredmedia":[{"embeddable":true,"href":"https:\/\/digitmonitor.com\/es\/wp-json\/wp\/v2\/media\/14719"}],"wp:attachment":[{"href":"https:\/\/digitmonitor.com\/es\/wp-json\/wp\/v2\/media?parent=15364"}],"wp:term":[{"taxonomy":"product_brand","embeddable":true,"href":"https:\/\/digitmonitor.com\/es\/wp-json\/wp\/v2\/product_brand?post=15364"},{"taxonomy":"product_cat","embeddable":true,"href":"https:\/\/digitmonitor.com\/es\/wp-json\/wp\/v2\/product_cat?post=15364"},{"taxonomy":"product_tag","embeddable":true,"href":"https:\/\/digitmonitor.com\/es\/wp-json\/wp\/v2\/product_tag?post=15364"}],"curies":[{"name":"wp","href":"https:\/\/api.w.org\/{rel}","templated":true}]}}