{"id":15365,"date":"2026-04-01T21:42:41","date_gmt":"2026-04-01T21:42:41","guid":{"rendered":"https:\/\/digitmonitor.com\/product\/autodesk-autocad-raster-design-2027-para-windows\/"},"modified":"2026-04-01T21:42:41","modified_gmt":"2026-04-01T21:42:41","slug":"autodesk-autocad-raster-design-2027-para-windows","status":"publish","type":"product","link":"https:\/\/digitmonitor.com\/es\/producto\/autodesk-autocad-raster-design-2027-para-windows\/","title":{"rendered":"Autodesk AutoCAD Raster Design 2027 Para Windows"},"content":{"rendered":"<p>Esta versi\u00f3n de Autodesk es una edici\u00f3n educativa destinada al uso personal y acad\u00e9mico. Incluye todas las funciones de la versi\u00f3n completa, no muestra marcas de agua y no presenta indicaciones de licencia educativa en los archivos impresos.<\/p>\n<p>Autodesk AutoCAD Raster Design 2027 para Windows es una potente soluci\u00f3n de software dise\u00f1ada para mejorar sus flujos de trabajo CAD mediante la edici\u00f3n, conversi\u00f3n y limpieza de im\u00e1genes rasterizadas. Ideal para arquitectos, ingenieros, dise\u00f1adores y profesionales GIS, este software conecta im\u00e1genes raster con dibujos vectoriales, permiti\u00e9ndole integrar planos escaneados y mapas antiguos en proyectos digitales con gran facilidad. Sus herramientas avanzadas simplifican la conversi\u00f3n de datos raster en archivos vectoriales precisos y editables, ahorrando tiempo y mejorando la exactitud en sus dise\u00f1os.<\/p>\n<p>Al adquirir Autodesk AutoCAD Raster Design 2027, obtiene acceso a funciones inteligentes que automatizan la limpieza de im\u00e1genes, la conversi\u00f3n de raster a vector y la edici\u00f3n avanzada directamente dentro de AutoCAD. Esto optimiza numerosos casos de uso como planificaci\u00f3n de infraestructuras, cartograf\u00eda, proyectos de restauraci\u00f3n y modernizaci\u00f3n de dise\u00f1os antiguos. El software admite m\u00faltiples formatos de imagen y capas, garantizando que sus datos raster se mantengan y mejoren con el m\u00e1ximo nivel de detalle y claridad.<\/p>\n<p>Con su compra, recibir\u00e1 una descarga digital segura del instalador junto con una clave de producto, c\u00f3digo de activaci\u00f3n o licencia, entregados instant\u00e1neamente por correo electr\u00f3nico. Tambi\u00e9n se incluyen instrucciones detalladas de descarga y una licencia oficial que le permitir\u00e1 activar Autodesk AutoCAD Raster Design 2027 r\u00e1pidamente en su sistema Windows. Esto garantiza una instalaci\u00f3n sencilla y una disponibilidad inmediata del software.<\/p>\n<p>El software es compatible con Windows 10 o versiones posteriores y requiere un procesador de 64 bits, al menos 8 GB de RAM y suficiente espacio de almacenamiento para su instalaci\u00f3n y funcionamiento. Estos requisitos aseguran un rendimiento fluido tanto en tareas simples como en conversiones de im\u00e1genes complejas, siendo adecuado para diversos entornos profesionales.<\/p>\n<p>La licencia digital incluida permite la activaci\u00f3n en un \u00fanico dispositivo para un solo usuario. La activaci\u00f3n es sencilla mediante la clave de producto proporcionada. Tras realizar el pedido en l\u00ednea, recibir\u00e1 una factura que confirma su licencia oficial y garantiza una compra segura. Esta oferta combina un excelente precio con entrega inmediata, asegurando que obtenga software aut\u00e9ntico de forma r\u00e1pida y sin complicaciones.<\/p>\n","protected":false},"excerpt":{"rendered":"<div style=\"display: flex; align-items: center; width: 100%; padding-top: 8px; padding-bottom: 8px;\"><img decoding=\"async\" src=\"https:\/\/digitmonitor.com\/wp-content\/uploads\/2025\/08\/language-black.png\" width=\"20\" style=\"margin-right: 7px;\"><\/p>\n<p style=\"margin: 0; vertical-align: middle; font-size: .875rem;\">This software is fully available in English<\/p>\n<\/div>\n","protected":false},"featured_media":14716,"comment_status":"open","ping_status":"closed","template":"","meta":[],"product_brand":[],"product_cat":[752,751,780],"product_tag":[898,760,758,757,756,763,759,765,754,755,766,781,764,767],"class_list":{"0":"post-15365","1":"product","2":"type-product","3":"status-publish","4":"has-post-thumbnail","6":"product_cat-autocad-es","7":"product_cat-autodesk-es","8":"product_cat-raster-design","9":"product_tag-898","10":"product_tag-activacion","11":"product_tag-autocad-es","12":"product_tag-autodesk-es","13":"product_tag-clave","14":"product_tag-compra","15":"product_tag-comprar","16":"product_tag-costo","17":"product_tag-descargar","18":"product_tag-licencia","19":"product_tag-precio","20":"product_tag-raster-design","21":"product_tag-shopping_ads-es","22":"product_tag-windows-es","24":"first","25":"instock","26":"downloadable","27":"virtual","28":"purchasable","29":"product-type-simple"},"jetpack_sharing_enabled":true,"_links":{"self":[{"href":"https:\/\/digitmonitor.com\/es\/wp-json\/wp\/v2\/product\/15365","targetHints":{"allow":["GET"]}}],"collection":[{"href":"https:\/\/digitmonitor.com\/es\/wp-json\/wp\/v2\/product"}],"about":[{"href":"https:\/\/digitmonitor.com\/es\/wp-json\/wp\/v2\/types\/product"}],"replies":[{"embeddable":true,"href":"https:\/\/digitmonitor.com\/es\/wp-json\/wp\/v2\/comments?post=15365"}],"wp:featuredmedia":[{"embeddable":true,"href":"https:\/\/digitmonitor.com\/es\/wp-json\/wp\/v2\/media\/14716"}],"wp:attachment":[{"href":"https:\/\/digitmonitor.com\/es\/wp-json\/wp\/v2\/media?parent=15365"}],"wp:term":[{"taxonomy":"product_brand","embeddable":true,"href":"https:\/\/digitmonitor.com\/es\/wp-json\/wp\/v2\/product_brand?post=15365"},{"taxonomy":"product_cat","embeddable":true,"href":"https:\/\/digitmonitor.com\/es\/wp-json\/wp\/v2\/product_cat?post=15365"},{"taxonomy":"product_tag","embeddable":true,"href":"https:\/\/digitmonitor.com\/es\/wp-json\/wp\/v2\/product_tag?post=15365"}],"curies":[{"name":"wp","href":"https:\/\/api.w.org\/{rel}","templated":true}]}}