{"id":15367,"date":"2026-04-01T21:42:41","date_gmt":"2026-04-01T21:42:41","guid":{"rendered":"https:\/\/digitmonitor.com\/product\/autodesk-mudbox-2027-para-windows\/"},"modified":"2026-04-01T21:42:41","modified_gmt":"2026-04-01T21:42:41","slug":"autodesk-mudbox-2027-para-windows","status":"publish","type":"product","link":"https:\/\/digitmonitor.com\/es\/producto\/autodesk-mudbox-2027-para-windows\/","title":{"rendered":"Autodesk Mudbox 2027 Para Windows"},"content":{"rendered":"<p>Esta versi\u00f3n de Autodesk es una edici\u00f3n educativa destinada al uso personal y acad\u00e9mico. Incluye todas las funciones de la versi\u00f3n completa, no muestra marcas de agua y no presenta indicaciones de licencia educativa en los archivos impresos.<\/p>\n<p>Autodesk Mudbox 2027 para Windows es un potente software de escultura y pintura digital dise\u00f1ado para artistas y profesionales que buscan precisi\u00f3n y creatividad en el modelado 3D. Ideal para artistas de personajes, animadores y desarrolladores de videojuegos, Mudbox ofrece una interfaz intuitiva combinada con herramientas robustas para detallar y texturizar modelos 3D con un alto nivel de realismo y control. Tanto si desea mejorar su flujo de trabajo creativo como desarrollar activos de calidad profesional, este software le permite aprovechar al m\u00e1ximo su potencial creativo.<\/p>\n<p>Con Mudbox 2027, tendr\u00e1 acceso a funciones avanzadas como escultura de alta resoluci\u00f3n, pintura de pol\u00edgonos y texturas, e integraci\u00f3n fluida con otros productos de Autodesk. Sus herramientas basadas en pinceles din\u00e1micos y su interfaz personalizable permiten crear detalles complejos y texturas realistas con facilidad. Esta versi\u00f3n admite pintura en m\u00faltiples capas y procesos de \u201cbaking\u201d, ayud\u00e1ndole a generar resultados visuales impresionantes para proyectos de cine, videojuegos o realidad virtual. Disfrute de un flujo de trabajo fluido que acelera el proceso creativo y le permite cumplir con sus plazos.<\/p>\n<p>Al adquirir Autodesk Mudbox 2027, recibir\u00e1 una licencia digital enviada de forma segura por correo electr\u00f3nico que incluye su clave de producto y c\u00f3digo de activaci\u00f3n \u00fanicos. El proceso de descarga y activaci\u00f3n instant\u00e1nea facilita la instalaci\u00f3n; solo debe seguir las instrucciones proporcionadas para activar el software de inmediato y comenzar a trabajar sin retrasos. Su compra en l\u00ednea incluye una factura oficial y la garant\u00eda de recibir un producto aut\u00e9ntico con licencia original.<\/p>\n<p>Autodesk Mudbox 2027 es compatible con Windows 10 o versiones posteriores y requiere un procesador de 64 bits, al menos 8 GB de RAM (se recomiendan 16 GB para proyectos complejos) y suficiente espacio de almacenamiento para la instalaci\u00f3n y los archivos de proyecto. Aseg\u00farese de que su sistema cumpla los requisitos m\u00ednimos para obtener un rendimiento \u00f3ptimo y una instalaci\u00f3n sin problemas.<\/p>\n<p>La compra incluye una licencia individual v\u00e1lida para su instalaci\u00f3n en un solo dispositivo, con un proceso de activaci\u00f3n gestionado de forma segura mediante su clave de producto. Esto garantiza que su adquisici\u00f3n cumple con los t\u00e9rminos de licencia y le ofrece acceso completo al software sin inconvenientes. Aproveche nuestra mejor oferta de precio con m\u00e9todos de pago seguros y disfrute de entrega inmediata de su licencia digital para comenzar a trabajar al instante.<\/p>\n","protected":false},"excerpt":{"rendered":"<div style=\"display: flex; align-items: center; width: 100%; padding-top: 8px; padding-bottom: 8px;\"><img decoding=\"async\" src=\"https:\/\/digitmonitor.com\/wp-content\/uploads\/2025\/08\/language-black.png\" width=\"20\" style=\"margin-right: 7px;\"><\/p>\n<p style=\"margin: 0; vertical-align: middle; font-size: .875rem;\">This software is fully available in English<\/p>\n<\/div>\n","protected":false},"featured_media":14737,"comment_status":"open","ping_status":"closed","template":"","meta":[],"product_brand":[],"product_cat":[751,806],"product_tag":[898,760,757,756,763,759,765,754,755,807,766,764,767],"class_list":{"0":"post-15367","1":"product","2":"type-product","3":"status-publish","4":"has-post-thumbnail","6":"product_cat-autodesk-es","7":"product_cat-mudbox","8":"product_tag-898","9":"product_tag-activacion","10":"product_tag-autodesk-es","11":"product_tag-clave","12":"product_tag-compra","13":"product_tag-comprar","14":"product_tag-costo","15":"product_tag-descargar","16":"product_tag-licencia","17":"product_tag-mudbox","18":"product_tag-precio","19":"product_tag-shopping_ads-es","20":"product_tag-windows-es","22":"first","23":"instock","24":"downloadable","25":"virtual","26":"purchasable","27":"product-type-simple"},"jetpack_sharing_enabled":true,"_links":{"self":[{"href":"https:\/\/digitmonitor.com\/es\/wp-json\/wp\/v2\/product\/15367","targetHints":{"allow":["GET"]}}],"collection":[{"href":"https:\/\/digitmonitor.com\/es\/wp-json\/wp\/v2\/product"}],"about":[{"href":"https:\/\/digitmonitor.com\/es\/wp-json\/wp\/v2\/types\/product"}],"replies":[{"embeddable":true,"href":"https:\/\/digitmonitor.com\/es\/wp-json\/wp\/v2\/comments?post=15367"}],"wp:featuredmedia":[{"embeddable":true,"href":"https:\/\/digitmonitor.com\/es\/wp-json\/wp\/v2\/media\/14737"}],"wp:attachment":[{"href":"https:\/\/digitmonitor.com\/es\/wp-json\/wp\/v2\/media?parent=15367"}],"wp:term":[{"taxonomy":"product_brand","embeddable":true,"href":"https:\/\/digitmonitor.com\/es\/wp-json\/wp\/v2\/product_brand?post=15367"},{"taxonomy":"product_cat","embeddable":true,"href":"https:\/\/digitmonitor.com\/es\/wp-json\/wp\/v2\/product_cat?post=15367"},{"taxonomy":"product_tag","embeddable":true,"href":"https:\/\/digitmonitor.com\/es\/wp-json\/wp\/v2\/product_tag?post=15367"}],"curies":[{"name":"wp","href":"https:\/\/api.w.org\/{rel}","templated":true}]}}